{"id":55,"date":"2017-09-19T22:49:57","date_gmt":"2017-09-19T20:49:57","guid":{"rendered":"http:\/\/animalotop.com\/?page_id=55"},"modified":"2023-03-27T17:12:35","modified_gmt":"2023-03-27T15:12:35","slug":"notre-site-delevage","status":"publish","type":"page","link":"https:\/\/animalotop.com\/index.php\/notre-site-delevage\/","title":{"rendered":"Notre site d&rsquo;\u00e9levage de Bengals"},"content":{"rendered":"<p><img loading=\"lazy\" decoding=\"async\" class=\"alignnone  wp-image-608\" src=\"http:\/\/animalotop.com\/wp-content\/uploads\/2017\/09\/animalOtop_logo_transparent-300x296.png\" alt=\"Animal O'top, comportementaliste canin, comportementaliste f\u00e9lin\" width=\"176\" height=\"174\" srcset=\"https:\/\/animalotop.com\/wp-content\/uploads\/2017\/09\/animalOtop_logo_transparent-300x296.png 300w, https:\/\/animalotop.com\/wp-content\/uploads\/2017\/09\/animalOtop_logo_transparent-75x75.png 75w, https:\/\/animalotop.com\/wp-content\/uploads\/2017\/09\/animalOtop_logo_transparent.png 450w\" sizes=\"(max-width: 176px) 100vw, 176px\" \/>\u00a0 \u00a0 \u00a0 \u00a0 \u00a0 \u00a0 \u00a0 \u00a0 \u00a0 \u00a0 \u00a0 \u00a0 \u00a0 \u00a0 \u00a0 \u00a0 \u00a0 \u00a0 \u00a0 \u00a0 \u00a0 \u00a0 \u00a0 \u00a0 \u00a0 \u00a0 \u00a0 \u00a0 \u00a0 \u00a0 \u00a0 \u00a0 \u00a0 \u00a0 \u00a0 \u00a0 \u00a0 \u00a0 <img loading=\"lazy\" decoding=\"async\" class=\"alignnone  wp-image-500\" src=\"http:\/\/animalotop.com\/wp-content\/uploads\/2017\/11\/logo-transparent-300x225.png\" alt=\"Animal O'top, comportement chien comportement chat, eleveur\" width=\"198\" height=\"148\" srcset=\"https:\/\/animalotop.com\/wp-content\/uploads\/2017\/11\/logo-transparent-300x225.png 300w, https:\/\/animalotop.com\/wp-content\/uploads\/2017\/11\/logo-transparent.png 454w\" sizes=\"(max-width: 198px) 100vw, 198px\" \/><\/p>\n<p>Deux logos, deux activit\u00e9s, le comportement et l&rsquo;\u00e9levage de chats, reli\u00e9es par une m\u00eame passion pour les animaux et la d\u00e9fense de leur bien-\u00eatre.<\/p>\n<p>Bienvenue chez Asian Safari, un \u00e9levage familial de bengals.<\/p>\n<p style=\"text-align: center;\"><a href=\"http:\/\/www.asiansafaribengals.com\/fr\" target=\"_blank\" rel=\"noopener\">Visiter notre site d&rsquo;\u00e9levage de Bengals<\/a><\/p>\n<p><img loading=\"lazy\" decoding=\"async\" class=\"wp-image-304 aligncenter\" src=\"http:\/\/animalotop.com\/wp-content\/uploads\/2017\/09\/22656351_1176785582420921_462918675_n-768x613-1-300x239.jpg\" alt=\"Asian Safari un \u00e9levage familial de bengals depuis plus de 15 ans\" width=\"721\" height=\"575\" srcset=\"https:\/\/animalotop.com\/wp-content\/uploads\/2017\/09\/22656351_1176785582420921_462918675_n-768x613-1-300x239.jpg 300w, https:\/\/animalotop.com\/wp-content\/uploads\/2017\/09\/22656351_1176785582420921_462918675_n-768x613-1.jpg 768w\" sizes=\"(max-width: 721px) 100vw, 721px\" \/><\/p>\n<p style=\"text-align: center;\">\n","protected":false},"excerpt":{"rendered":"<p>\u00a0 \u00a0 \u00a0 \u00a0 \u00a0 \u00a0 \u00a0 \u00a0 \u00a0 \u00a0 \u00a0 \u00a0 \u00a0 \u00a0 \u00a0 \u00a0 \u00a0 \u00a0 \u00a0 \u00a0 \u00a0 \u00a0 \u00a0 \u00a0 \u00a0 \u00a0 \u00a0 \u00a0 \u00a0 \u00a0 \u00a0 \u00a0 \u00a0 \u00a0 \u00a0 \u00a0 \u00a0 \u00a0 Deux logos, deux activit\u00e9s, le comportement et l&rsquo;\u00e9levage de chats, reli\u00e9es par une m\u00eame passion pour les [&hellip;]<\/p>\n<a href=\"https:\/\/animalotop.com\/index.php\/notre-site-delevage\/\"> Lire la suite...<\/a>","protected":false},"author":1,"featured_media":0,"parent":0,"menu_order":0,"comment_status":"closed","ping_status":"closed","template":"","meta":{"footnotes":""},"yoast_head":"<!-- This site is optimized with the Yoast SEO plugin v20.3 - https:\/\/yoast.com\/wordpress\/plugins\/seo\/ -->\n<title>Notre site d&#039;\u00e9levage de Bengals - Animal O&#039;top<\/title>\n<meta name=\"description\" content=\"Bienvenue chez Asian Safari, \u00e9levage familial de bengals qui existe depuis 15 ans. Eleveurs de chats s\u00e9lectionn\u00e9s en sant\u00e9 et beaut\u00e9.\" \/>\n<meta name=\"robots\" content=\"index, follow, max-snippet:-1, max-image-preview:large, max-video-preview:-1\" \/>\n<link rel=\"canonical\" href=\"http:\/\/animalotop.com\/index.php\/notre-site-delevage\/\" \/>\n<meta property=\"og:locale\" content=\"fr_FR\" \/>\n<meta property=\"og:type\" content=\"article\" \/>\n<meta property=\"og:title\" content=\"Notre site d&#039;\u00e9levage de Bengals - Animal O&#039;top\" \/>\n<meta property=\"og:description\" content=\"Bienvenue chez Asian Safari, \u00e9levage familial de bengals qui existe depuis 15 ans. Eleveurs de chats s\u00e9lectionn\u00e9s en sant\u00e9 et beaut\u00e9.\" \/>\n<meta property=\"og:url\" content=\"http:\/\/animalotop.com\/index.php\/notre-site-delevage\/\" \/>\n<meta property=\"og:site_name\" content=\"Animal O&#039;top\" \/>\n<meta property=\"article:modified_time\" content=\"2023-03-27T15:12:35+00:00\" \/>\n<meta property=\"og:image\" content=\"http:\/\/animalotop.com\/wp-content\/uploads\/2017\/09\/animalOtop_logo_transparent-300x296.png\" \/>\n<meta name=\"twitter:card\" content=\"summary_large_image\" \/>\n<meta name=\"twitter:label1\" content=\"Dur\u00e9e de lecture estim\u00e9e\" \/>\n\t<meta name=\"twitter:data1\" content=\"1 minute\" \/>\n<script type=\"application\/ld+json\" class=\"yoast-schema-graph\">{\"@context\":\"https:\/\/schema.org\",\"@graph\":[{\"@type\":\"WebPage\",\"@id\":\"http:\/\/animalotop.com\/index.php\/notre-site-delevage\/\",\"url\":\"http:\/\/animalotop.com\/index.php\/notre-site-delevage\/\",\"name\":\"Notre site d'\u00e9levage de Bengals - Animal O&#039;top\",\"isPartOf\":{\"@id\":\"https:\/\/animalotop.com\/#website\"},\"datePublished\":\"2017-09-19T20:49:57+00:00\",\"dateModified\":\"2023-03-27T15:12:35+00:00\",\"description\":\"Bienvenue chez Asian Safari, \u00e9levage familial de bengals qui existe depuis 15 ans. Eleveurs de chats s\u00e9lectionn\u00e9s en sant\u00e9 et beaut\u00e9.\",\"breadcrumb\":{\"@id\":\"http:\/\/animalotop.com\/index.php\/notre-site-delevage\/#breadcrumb\"},\"inLanguage\":\"fr-FR\",\"potentialAction\":[{\"@type\":\"ReadAction\",\"target\":[\"http:\/\/animalotop.com\/index.php\/notre-site-delevage\/\"]}]},{\"@type\":\"BreadcrumbList\",\"@id\":\"http:\/\/animalotop.com\/index.php\/notre-site-delevage\/#breadcrumb\",\"itemListElement\":[{\"@type\":\"ListItem\",\"position\":1,\"name\":\"Accueil\",\"item\":\"https:\/\/animalotop.com\/\"},{\"@type\":\"ListItem\",\"position\":2,\"name\":\"Notre site d&rsquo;\u00e9levage de Bengals\"}]},{\"@type\":\"WebSite\",\"@id\":\"https:\/\/animalotop.com\/#website\",\"url\":\"https:\/\/animalotop.com\/\",\"name\":\"Animal O&#039;top\",\"description\":\"Comportementaliste canin et f\u00e9lin, \u00e9ducation canine ,sp\u00e9cialiste du comportement, dipl\u00f4m\u00e9e, \u00e0 votre \u00e9coute pour tout souci de comportement avec votre chien ou votre chat. sommes situ\u00e9s \u00e0 15 kms de Paris, \u00e0 Enghien els bains (val d&#039;oise) (\u00efle de France) se d\u00e9place sur la r\u00e9gion parisienne et l\u2019Oise,\",\"potentialAction\":[{\"@type\":\"SearchAction\",\"target\":{\"@type\":\"EntryPoint\",\"urlTemplate\":\"https:\/\/animalotop.com\/?s={search_term_string}\"},\"query-input\":\"required name=search_term_string\"}],\"inLanguage\":\"fr-FR\"}]}<\/script>\n<!-- \/ Yoast SEO plugin. -->","yoast_head_json":{"title":"Notre site d'\u00e9levage de Bengals - Animal O&#039;top","description":"Bienvenue chez Asian Safari, \u00e9levage familial de bengals qui existe depuis 15 ans. Eleveurs de chats s\u00e9lectionn\u00e9s en sant\u00e9 et beaut\u00e9.","robots":{"index":"index","follow":"follow","max-snippet":"max-snippet:-1","max-image-preview":"max-image-preview:large","max-video-preview":"max-video-preview:-1"},"canonical":"http:\/\/animalotop.com\/index.php\/notre-site-delevage\/","og_locale":"fr_FR","og_type":"article","og_title":"Notre site d'\u00e9levage de Bengals - Animal O&#039;top","og_description":"Bienvenue chez Asian Safari, \u00e9levage familial de bengals qui existe depuis 15 ans. Eleveurs de chats s\u00e9lectionn\u00e9s en sant\u00e9 et beaut\u00e9.","og_url":"http:\/\/animalotop.com\/index.php\/notre-site-delevage\/","og_site_name":"Animal O&#039;top","article_modified_time":"2023-03-27T15:12:35+00:00","og_image":[{"url":"http:\/\/animalotop.com\/wp-content\/uploads\/2017\/09\/animalOtop_logo_transparent-300x296.png"}],"twitter_card":"summary_large_image","twitter_misc":{"Dur\u00e9e de lecture estim\u00e9e":"1 minute"},"schema":{"@context":"https:\/\/schema.org","@graph":[{"@type":"WebPage","@id":"http:\/\/animalotop.com\/index.php\/notre-site-delevage\/","url":"http:\/\/animalotop.com\/index.php\/notre-site-delevage\/","name":"Notre site d'\u00e9levage de Bengals - Animal O&#039;top","isPartOf":{"@id":"https:\/\/animalotop.com\/#website"},"datePublished":"2017-09-19T20:49:57+00:00","dateModified":"2023-03-27T15:12:35+00:00","description":"Bienvenue chez Asian Safari, \u00e9levage familial de bengals qui existe depuis 15 ans. Eleveurs de chats s\u00e9lectionn\u00e9s en sant\u00e9 et beaut\u00e9.","breadcrumb":{"@id":"http:\/\/animalotop.com\/index.php\/notre-site-delevage\/#breadcrumb"},"inLanguage":"fr-FR","potentialAction":[{"@type":"ReadAction","target":["http:\/\/animalotop.com\/index.php\/notre-site-delevage\/"]}]},{"@type":"BreadcrumbList","@id":"http:\/\/animalotop.com\/index.php\/notre-site-delevage\/#breadcrumb","itemListElement":[{"@type":"ListItem","position":1,"name":"Accueil","item":"https:\/\/animalotop.com\/"},{"@type":"ListItem","position":2,"name":"Notre site d&rsquo;\u00e9levage de Bengals"}]},{"@type":"WebSite","@id":"https:\/\/animalotop.com\/#website","url":"https:\/\/animalotop.com\/","name":"Animal O&#039;top","description":"Comportementaliste canin et f\u00e9lin, \u00e9ducation canine ,sp\u00e9cialiste du comportement, dipl\u00f4m\u00e9e, \u00e0 votre \u00e9coute pour tout souci de comportement avec votre chien ou votre chat. sommes situ\u00e9s \u00e0 15 kms de Paris, \u00e0 Enghien els bains (val d&#039;oise) (\u00efle de France) se d\u00e9place sur la r\u00e9gion parisienne et l\u2019Oise,","potentialAction":[{"@type":"SearchAction","target":{"@type":"EntryPoint","urlTemplate":"https:\/\/animalotop.com\/?s={search_term_string}"},"query-input":"required name=search_term_string"}],"inLanguage":"fr-FR"}]}},"_links":{"self":[{"href":"https:\/\/animalotop.com\/index.php\/wp-json\/wp\/v2\/pages\/55"}],"collection":[{"href":"https:\/\/animalotop.com\/index.php\/wp-json\/wp\/v2\/pages"}],"about":[{"href":"https:\/\/animalotop.com\/index.php\/wp-json\/wp\/v2\/types\/page"}],"author":[{"embeddable":true,"href":"https:\/\/animalotop.com\/index.php\/wp-json\/wp\/v2\/users\/1"}],"replies":[{"embeddable":true,"href":"https:\/\/animalotop.com\/index.php\/wp-json\/wp\/v2\/comments?post=55"}],"version-history":[{"count":34,"href":"https:\/\/animalotop.com\/index.php\/wp-json\/wp\/v2\/pages\/55\/revisions"}],"predecessor-version":[{"id":830,"href":"https:\/\/animalotop.com\/index.php\/wp-json\/wp\/v2\/pages\/55\/revisions\/830"}],"wp:attachment":[{"href":"https:\/\/animalotop.com\/index.php\/wp-json\/wp\/v2\/media?parent=55"}],"curies":[{"name":"wp","href":"https:\/\/api.w.org\/{rel}","templated":true}]}}