{"id":53,"date":"2017-09-19T22:49:33","date_gmt":"2017-09-19T20:49:33","guid":{"rendered":"http:\/\/animalotop.com\/?page_id=53"},"modified":"2023-03-27T17:21:32","modified_gmt":"2023-03-27T15:21:32","slug":"nous-contacter","status":"publish","type":"page","link":"https:\/\/animalotop.com\/index.php\/nous-contacter\/","title":{"rendered":"Nous contacter"},"content":{"rendered":"<table width=\"100%\">\n<tbody>\n<tr>\n<td><img decoding=\"async\" class=\"size-medium wp-image-85 aligncenter\" src=\"http:\/\/animalotop.com\/wp-content\/uploads\/2017\/09\/animalOtop_logo-300x296.jpg\" alt=\"\" width=\"50%\" height=\"296\" \/><\/p>\n<h1>ANIMAL O&rsquo; TOP<\/h1>\n<h1><img loading=\"lazy\" decoding=\"async\" class=\"alignnone  wp-image-608\" src=\"http:\/\/animalotop.com\/wp-content\/uploads\/2017\/09\/animalOtop_logo_transparent-300x296.png\" alt=\"Animal O'top, comportementaliste canin, comportementaliste f\u00e9lin\" width=\"146\" height=\"144\" srcset=\"https:\/\/animalotop.com\/wp-content\/uploads\/2017\/09\/animalOtop_logo_transparent-300x296.png 300w, https:\/\/animalotop.com\/wp-content\/uploads\/2017\/09\/animalOtop_logo_transparent-75x75.png 75w, https:\/\/animalotop.com\/wp-content\/uploads\/2017\/09\/animalOtop_logo_transparent.png 450w\" sizes=\"(max-width: 146px) 100vw, 146px\" \/><\/h1>\n<p>G\u00e9rante : Agn\u00e8s GAYRAUD<\/p>\n<p>Par t\u00e9l\u00e9phone : 06.03.82.56.53<\/p>\n<p>Du lundi au samedi 8h \u00e0 20h00<\/p>\n<p><span style=\"font-family: inherit; font-size: inherit; font-weight: inherit;\">\u00a0 \u00a0 \u00a0 \u00a0 \u00a0 \u00a0 \u00a0 \u00a0 \u00a0 \u00a0 \u00a0 \u00a0Roinvilliers grande rue 91150.<\/span><\/td>\n<td width=\"10%\"><\/td>\n<td>\n<p style=\"text-align: center;\"><h1 class='scf-title'>Formulaire de contact<\/h1> <div id=\"send\"><\/div> <form class=\"scf-form\" action=\"\/index.php\/wp-json\/wp\/v2\/pages\/53\" method=\"post\"><div>Votre nom <span class='required'><\/span><\/div><input type=\"text\" name=\"seos-name\" value=\"\" size=\"50\" \/><\/p><p><div>Votre num\u00e9ro de t\u00e9l\u00e9phone <span class='required'><\/span><\/div><input type=\"text\" name=\"seos-phone\" pattern=\"[0-9 ]+\" value=\"\" size=\"50\" \/><\/p><p><div>Adresse email <span class='required'><\/span><\/div><input type=\"email\" name=\"seos-email\" value=\"\" size=\"50\" \/><\/p><br \/><p><div>L&#039;objet de votre contact <span class='required'><\/span><\/div><input type=\"text\" name=\"seos-subject\" value=\"\" size=\"50\" \/><\/p><p><div>Votre message <span class='required'><\/span><\/div><textarea rows=\"10\" cols=\"50\" name=\"seos-message\"><\/textarea><\/p><p> <br\/><input class=\"noselect\" type=\"text\" name=\"rand\" value=\"10+10\" readonly=\"readonly\" \/><label class=\"scf-sum\"> = <\/label><input type=\"text\" name=\"text\" value=\"\" \/> <span class='required'><\/span><\/p><p><input type=\"submit\" name=\"seos-submitted\" value=\"Envoyer votre message\"><\/p><\/form><\/p>\n<\/td>\n<\/tr>\n<\/tbody>\n<\/table>\n","protected":false},"excerpt":{"rendered":"<p>ANIMAL O&rsquo; TOP G\u00e9rante : Agn\u00e8s GAYRAUD Par t\u00e9l\u00e9phone : 06.03.82.56.53 Du lundi au samedi 8h \u00e0 20h00 \u00a0 \u00a0 \u00a0 \u00a0 \u00a0 \u00a0 \u00a0 \u00a0 \u00a0 \u00a0 \u00a0 \u00a0Roinvilliers grande rue 91150.<\/p>\n<a href=\"https:\/\/animalotop.com\/index.php\/nous-contacter\/\"> Lire la suite...<\/a>","protected":false},"author":1,"featured_media":0,"parent":0,"menu_order":0,"comment_status":"closed","ping_status":"closed","template":"","meta":{"footnotes":""},"yoast_head":"<!-- This site is optimized with the Yoast SEO plugin v20.3 - https:\/\/yoast.com\/wordpress\/plugins\/seo\/ -->\n<title>Nous contacter - Animal O&#039;top<\/title>\n<meta name=\"description\" content=\"Comportementaliste canin, comportementaliste f\u00e9lin, \u00e9ducation canine, promenades chien, sp\u00e9cialiste comportement, de la relation homme-animal\" \/>\n<meta name=\"robots\" content=\"index, follow, max-snippet:-1, max-image-preview:large, max-video-preview:-1\" \/>\n<link rel=\"canonical\" href=\"http:\/\/animalotop.com\/index.php\/nous-contacter\/\" \/>\n<meta property=\"og:locale\" content=\"fr_FR\" \/>\n<meta property=\"og:type\" content=\"article\" \/>\n<meta property=\"og:title\" content=\"Nous contacter - Animal O&#039;top\" \/>\n<meta property=\"og:description\" content=\"Comportementaliste canin, comportementaliste f\u00e9lin, \u00e9ducation canine, promenades chien, sp\u00e9cialiste comportement, de la relation homme-animal\" \/>\n<meta property=\"og:url\" content=\"http:\/\/animalotop.com\/index.php\/nous-contacter\/\" \/>\n<meta property=\"og:site_name\" content=\"Animal O&#039;top\" \/>\n<meta property=\"article:modified_time\" content=\"2023-03-27T15:21:32+00:00\" \/>\n<meta property=\"og:image\" content=\"http:\/\/animalotop.com\/wp-content\/uploads\/2017\/09\/animalOtop_logo-300x296.jpg\" \/>\n<meta name=\"twitter:card\" content=\"summary_large_image\" \/>\n<meta name=\"twitter:label1\" content=\"Dur\u00e9e de lecture estim\u00e9e\" \/>\n\t<meta name=\"twitter:data1\" content=\"1 minute\" \/>\n<script type=\"application\/ld+json\" class=\"yoast-schema-graph\">{\"@context\":\"https:\/\/schema.org\",\"@graph\":[{\"@type\":\"WebPage\",\"@id\":\"http:\/\/animalotop.com\/index.php\/nous-contacter\/\",\"url\":\"http:\/\/animalotop.com\/index.php\/nous-contacter\/\",\"name\":\"Nous contacter - Animal O&#039;top\",\"isPartOf\":{\"@id\":\"http:\/\/animalotop.com\/#website\"},\"datePublished\":\"2017-09-19T20:49:33+00:00\",\"dateModified\":\"2023-03-27T15:21:32+00:00\",\"description\":\"Comportementaliste canin, comportementaliste f\u00e9lin, \u00e9ducation canine, promenades chien, sp\u00e9cialiste comportement, de la relation homme-animal\",\"breadcrumb\":{\"@id\":\"http:\/\/animalotop.com\/index.php\/nous-contacter\/#breadcrumb\"},\"inLanguage\":\"fr-FR\",\"potentialAction\":[{\"@type\":\"ReadAction\",\"target\":[\"http:\/\/animalotop.com\/index.php\/nous-contacter\/\"]}]},{\"@type\":\"BreadcrumbList\",\"@id\":\"http:\/\/animalotop.com\/index.php\/nous-contacter\/#breadcrumb\",\"itemListElement\":[{\"@type\":\"ListItem\",\"position\":1,\"name\":\"Accueil\",\"item\":\"http:\/\/animalotop.com\/\"},{\"@type\":\"ListItem\",\"position\":2,\"name\":\"Nous contacter\"}]},{\"@type\":\"WebSite\",\"@id\":\"http:\/\/animalotop.com\/#website\",\"url\":\"http:\/\/animalotop.com\/\",\"name\":\"Animal O&#039;top\",\"description\":\"Comportementaliste canin et f\u00e9lin, \u00e9ducation canine ,sp\u00e9cialiste du comportement, dipl\u00f4m\u00e9e, \u00e0 votre \u00e9coute pour tout souci de comportement avec votre chien ou votre chat. sommes situ\u00e9s \u00e0 15 kms de Paris, \u00e0 Enghien els bains (val d&#039;oise) (\u00efle de France) se d\u00e9place sur la r\u00e9gion parisienne et l\u2019Oise,\",\"potentialAction\":[{\"@type\":\"SearchAction\",\"target\":{\"@type\":\"EntryPoint\",\"urlTemplate\":\"http:\/\/animalotop.com\/?s={search_term_string}\"},\"query-input\":\"required name=search_term_string\"}],\"inLanguage\":\"fr-FR\"}]}<\/script>\n<!-- \/ Yoast SEO plugin. -->","yoast_head_json":{"title":"Nous contacter - Animal O&#039;top","description":"Comportementaliste canin, comportementaliste f\u00e9lin, \u00e9ducation canine, promenades chien, sp\u00e9cialiste comportement, de la relation homme-animal","robots":{"index":"index","follow":"follow","max-snippet":"max-snippet:-1","max-image-preview":"max-image-preview:large","max-video-preview":"max-video-preview:-1"},"canonical":"http:\/\/animalotop.com\/index.php\/nous-contacter\/","og_locale":"fr_FR","og_type":"article","og_title":"Nous contacter - Animal O&#039;top","og_description":"Comportementaliste canin, comportementaliste f\u00e9lin, \u00e9ducation canine, promenades chien, sp\u00e9cialiste comportement, de la relation homme-animal","og_url":"http:\/\/animalotop.com\/index.php\/nous-contacter\/","og_site_name":"Animal O&#039;top","article_modified_time":"2023-03-27T15:21:32+00:00","og_image":[{"url":"http:\/\/animalotop.com\/wp-content\/uploads\/2017\/09\/animalOtop_logo-300x296.jpg"}],"twitter_card":"summary_large_image","twitter_misc":{"Dur\u00e9e de lecture estim\u00e9e":"1 minute"},"schema":{"@context":"https:\/\/schema.org","@graph":[{"@type":"WebPage","@id":"http:\/\/animalotop.com\/index.php\/nous-contacter\/","url":"http:\/\/animalotop.com\/index.php\/nous-contacter\/","name":"Nous contacter - Animal O&#039;top","isPartOf":{"@id":"http:\/\/animalotop.com\/#website"},"datePublished":"2017-09-19T20:49:33+00:00","dateModified":"2023-03-27T15:21:32+00:00","description":"Comportementaliste canin, comportementaliste f\u00e9lin, \u00e9ducation canine, promenades chien, sp\u00e9cialiste comportement, de la relation homme-animal","breadcrumb":{"@id":"http:\/\/animalotop.com\/index.php\/nous-contacter\/#breadcrumb"},"inLanguage":"fr-FR","potentialAction":[{"@type":"ReadAction","target":["http:\/\/animalotop.com\/index.php\/nous-contacter\/"]}]},{"@type":"BreadcrumbList","@id":"http:\/\/animalotop.com\/index.php\/nous-contacter\/#breadcrumb","itemListElement":[{"@type":"ListItem","position":1,"name":"Accueil","item":"http:\/\/animalotop.com\/"},{"@type":"ListItem","position":2,"name":"Nous contacter"}]},{"@type":"WebSite","@id":"http:\/\/animalotop.com\/#website","url":"http:\/\/animalotop.com\/","name":"Animal O&#039;top","description":"Comportementaliste canin et f\u00e9lin, \u00e9ducation canine ,sp\u00e9cialiste du comportement, dipl\u00f4m\u00e9e, \u00e0 votre \u00e9coute pour tout souci de comportement avec votre chien ou votre chat. sommes situ\u00e9s \u00e0 15 kms de Paris, \u00e0 Enghien els bains (val d&#039;oise) (\u00efle de France) se d\u00e9place sur la r\u00e9gion parisienne et l\u2019Oise,","potentialAction":[{"@type":"SearchAction","target":{"@type":"EntryPoint","urlTemplate":"http:\/\/animalotop.com\/?s={search_term_string}"},"query-input":"required name=search_term_string"}],"inLanguage":"fr-FR"}]}},"_links":{"self":[{"href":"https:\/\/animalotop.com\/index.php\/wp-json\/wp\/v2\/pages\/53"}],"collection":[{"href":"https:\/\/animalotop.com\/index.php\/wp-json\/wp\/v2\/pages"}],"about":[{"href":"https:\/\/animalotop.com\/index.php\/wp-json\/wp\/v2\/types\/page"}],"author":[{"embeddable":true,"href":"https:\/\/animalotop.com\/index.php\/wp-json\/wp\/v2\/users\/1"}],"replies":[{"embeddable":true,"href":"https:\/\/animalotop.com\/index.php\/wp-json\/wp\/v2\/comments?post=53"}],"version-history":[{"count":38,"href":"https:\/\/animalotop.com\/index.php\/wp-json\/wp\/v2\/pages\/53\/revisions"}],"predecessor-version":[{"id":833,"href":"https:\/\/animalotop.com\/index.php\/wp-json\/wp\/v2\/pages\/53\/revisions\/833"}],"wp:attachment":[{"href":"https:\/\/animalotop.com\/index.php\/wp-json\/wp\/v2\/media?parent=53"}],"curies":[{"name":"wp","href":"https:\/\/api.w.org\/{rel}","templated":true}]}}