{"id":47,"date":"2017-09-19T22:47:21","date_gmt":"2017-09-19T20:47:21","guid":{"rendered":"http:\/\/animalotop.com\/?page_id=47"},"modified":"2023-03-27T16:51:56","modified_gmt":"2023-03-27T14:51:56","slug":"comportement-chien","status":"publish","type":"page","link":"https:\/\/animalotop.com\/index.php\/comportement-chien\/","title":{"rendered":"Comportement Chien"},"content":{"rendered":"<p>CHEZ LES CHIENS : pourquoi CONSULTER ?<\/p>\n<p>Vous \u00eates face \u00e0 l&rsquo;un des soucis de comportement canin suivants :<\/p>\n<p><img loading=\"lazy\" decoding=\"async\" class=\"alignnone size-full wp-image-412\" src=\"http:\/\/animalotop.com\/wp-content\/uploads\/2017\/11\/mousse-le-chien.jpg\" alt=\"Animal O'top, \u00e9ducateur, comportementaliste chiens Comportementaliste chats,\" width=\"237\" height=\"213\" \/><\/p>\n<p style=\"padding-left: 30px; text-align: left;\">&#8211; Aboiements intempestifs\u00a0 \u00a0 \u00a0 \u00a0 \u00a0 \u00a0 \u00a0 \u00a0 \u00a0 \u00a0 \u00a0 \u00a0 \u00a0 \u00a0 \u00a0 \u00a0 \u00a0 \u00a0 \u00a0 \u00a0 \u00a0 \u00a0 \u00a0 \u00a0 \u00a0 \u00a0 \u00a0 \u00a0<img loading=\"lazy\" decoding=\"async\" class=\"alignnone size-medium wp-image-400\" src=\"http:\/\/animalotop.com\/wp-content\/uploads\/2017\/11\/ob_a9d082_fauteuil-chien-300x300.jpg\" alt=\"Animal O'top, \u00e9ducation, comportementaliste chien, soliutions pour chien destructeur\" width=\"300\" height=\"300\" srcset=\"https:\/\/animalotop.com\/wp-content\/uploads\/2017\/11\/ob_a9d082_fauteuil-chien-300x300.jpg 300w, https:\/\/animalotop.com\/wp-content\/uploads\/2017\/11\/ob_a9d082_fauteuil-chien-150x150.jpg 150w, https:\/\/animalotop.com\/wp-content\/uploads\/2017\/11\/ob_a9d082_fauteuil-chien-768x768.jpg 768w, https:\/\/animalotop.com\/wp-content\/uploads\/2017\/11\/ob_a9d082_fauteuil-chien-1024x1024.jpg 1024w, https:\/\/animalotop.com\/wp-content\/uploads\/2017\/11\/ob_a9d082_fauteuil-chien.jpg 1600w\" sizes=\"(max-width: 300px) 100vw, 300px\" \/><\/p>\n<p style=\"padding-left: 30px;\">&#8211; Malpropret\u00e9,<\/p>\n<p style=\"padding-left: 30px;\">&#8211;\u00a0Destructions diverses,<\/p>\n<p style=\"padding-left: 30px;\">&#8211; Peurs, phobies<\/p>\n<p style=\"padding-left: 30px;\">&#8211; Conduites agressives (envers les cong\u00e9n\u00e8res, envers les humains,&#8230;)<\/p>\n<p style=\"padding-left: 30px;\">&#8211; Phobies particuli\u00e8res (orage, feux d&rsquo;artifice, etc&#8230;)<\/p>\n<p style=\"padding-left: 30px;\">&#8211; Comportements auto-centr\u00e9s (l\u00e9chages, grattages intenses&#8230;)<\/p>\n<p style=\"padding-left: 30px;\">&#8211; St\u00e9r\u00e9otypies (tournis, fixation oculaire,&#8230;)<\/p>\n<p><img loading=\"lazy\" decoding=\"async\" class=\" wp-image-406 aligncenter\" src=\"http:\/\/animalotop.com\/wp-content\/uploads\/2017\/11\/bagarres-chiens-300x146.jpg\" alt=\"Animal O'top, \u00e9ducateur, comportementaliste canin, solutions pour chien agressif\" width=\"388\" height=\"189\" srcset=\"https:\/\/animalotop.com\/wp-content\/uploads\/2017\/11\/bagarres-chiens-300x146.jpg 300w, https:\/\/animalotop.com\/wp-content\/uploads\/2017\/11\/bagarres-chiens.jpg 400w\" sizes=\"(max-width: 388px) 100vw, 388px\" \/><\/p>\n<p style=\"text-align: right;\"><a href=\"http:\/\/animalotop.com\/index.php\/deroulement-de-la-consultation-chien\/\"><u>D\u00e9roulement de la consultation Chien<\/u><\/a><\/p>\n","protected":false},"excerpt":{"rendered":"<p>CHEZ LES CHIENS : pourquoi CONSULTER ? Vous \u00eates face \u00e0 l&rsquo;un des soucis de comportement canin suivants : &#8211; Aboiements intempestifs\u00a0 \u00a0 \u00a0 \u00a0 \u00a0 \u00a0 \u00a0 \u00a0 \u00a0 \u00a0 \u00a0 \u00a0 \u00a0 \u00a0 \u00a0 \u00a0 \u00a0 \u00a0 \u00a0 \u00a0 \u00a0 \u00a0 \u00a0 \u00a0 \u00a0 \u00a0 \u00a0 \u00a0 &#8211; Malpropret\u00e9, &#8211;\u00a0Destructions diverses, &#8211; Peurs, [&hellip;]<\/p>\n<a href=\"https:\/\/animalotop.com\/index.php\/comportement-chien\/\"> Lire la suite...<\/a>","protected":false},"author":1,"featured_media":0,"parent":0,"menu_order":0,"comment_status":"closed","ping_status":"closed","template":"","meta":{"footnotes":""},"yoast_head":"<!-- This site is optimized with the Yoast SEO plugin v20.3 - https:\/\/yoast.com\/wordpress\/plugins\/seo\/ -->\n<title>Comportement Chien - Animal O&#039;top<\/title>\n<meta name=\"description\" content=\"Comportementaliste canin, sp\u00e9cialiste de la relation Homme -Chien, \u00e9ducation positive, Sp\u00e9cialiste comportement chien\" \/>\n<meta name=\"robots\" content=\"index, follow, max-snippet:-1, max-image-preview:large, max-video-preview:-1\" \/>\n<link rel=\"canonical\" href=\"http:\/\/animalotop.com\/index.php\/comportement-chien\/\" \/>\n<meta property=\"og:locale\" content=\"fr_FR\" \/>\n<meta property=\"og:type\" content=\"article\" \/>\n<meta property=\"og:title\" content=\"Comportement Chien - Animal O&#039;top\" \/>\n<meta property=\"og:description\" content=\"Comportementaliste canin, sp\u00e9cialiste de la relation Homme -Chien, \u00e9ducation positive, Sp\u00e9cialiste comportement chien\" \/>\n<meta property=\"og:url\" content=\"http:\/\/animalotop.com\/index.php\/comportement-chien\/\" \/>\n<meta property=\"og:site_name\" content=\"Animal O&#039;top\" \/>\n<meta property=\"article:modified_time\" content=\"2023-03-27T14:51:56+00:00\" \/>\n<meta property=\"og:image\" content=\"http:\/\/animalotop.com\/wp-content\/uploads\/2017\/11\/mousse-le-chien.jpg\" \/>\n<meta name=\"twitter:card\" content=\"summary_large_image\" \/>\n<meta name=\"twitter:label1\" content=\"Dur\u00e9e de lecture estim\u00e9e\" \/>\n\t<meta name=\"twitter:data1\" content=\"1 minute\" \/>\n<script type=\"application\/ld+json\" class=\"yoast-schema-graph\">{\"@context\":\"https:\/\/schema.org\",\"@graph\":[{\"@type\":\"WebPage\",\"@id\":\"http:\/\/animalotop.com\/index.php\/comportement-chien\/\",\"url\":\"http:\/\/animalotop.com\/index.php\/comportement-chien\/\",\"name\":\"Comportement Chien - Animal O&#039;top\",\"isPartOf\":{\"@id\":\"https:\/\/animalotop.com\/#website\"},\"datePublished\":\"2017-09-19T20:47:21+00:00\",\"dateModified\":\"2023-03-27T14:51:56+00:00\",\"description\":\"Comportementaliste canin, sp\u00e9cialiste de la relation Homme -Chien, \u00e9ducation positive, Sp\u00e9cialiste comportement chien\",\"breadcrumb\":{\"@id\":\"http:\/\/animalotop.com\/index.php\/comportement-chien\/#breadcrumb\"},\"inLanguage\":\"fr-FR\",\"potentialAction\":[{\"@type\":\"ReadAction\",\"target\":[\"http:\/\/animalotop.com\/index.php\/comportement-chien\/\"]}]},{\"@type\":\"BreadcrumbList\",\"@id\":\"http:\/\/animalotop.com\/index.php\/comportement-chien\/#breadcrumb\",\"itemListElement\":[{\"@type\":\"ListItem\",\"position\":1,\"name\":\"Accueil\",\"item\":\"https:\/\/animalotop.com\/\"},{\"@type\":\"ListItem\",\"position\":2,\"name\":\"Comportement Chien\"}]},{\"@type\":\"WebSite\",\"@id\":\"https:\/\/animalotop.com\/#website\",\"url\":\"https:\/\/animalotop.com\/\",\"name\":\"Animal O&#039;top\",\"description\":\"Comportementaliste canin et f\u00e9lin, \u00e9ducation canine ,sp\u00e9cialiste du comportement, dipl\u00f4m\u00e9e, \u00e0 votre \u00e9coute pour tout souci de comportement avec votre chien ou votre chat. sommes situ\u00e9s \u00e0 15 kms de Paris, \u00e0 Enghien els bains (val d&#039;oise) (\u00efle de France) se d\u00e9place sur la r\u00e9gion parisienne et l\u2019Oise,\",\"potentialAction\":[{\"@type\":\"SearchAction\",\"target\":{\"@type\":\"EntryPoint\",\"urlTemplate\":\"https:\/\/animalotop.com\/?s={search_term_string}\"},\"query-input\":\"required name=search_term_string\"}],\"inLanguage\":\"fr-FR\"}]}<\/script>\n<!-- \/ Yoast SEO plugin. -->","yoast_head_json":{"title":"Comportement Chien - Animal O&#039;top","description":"Comportementaliste canin, sp\u00e9cialiste de la relation Homme -Chien, \u00e9ducation positive, Sp\u00e9cialiste comportement chien","robots":{"index":"index","follow":"follow","max-snippet":"max-snippet:-1","max-image-preview":"max-image-preview:large","max-video-preview":"max-video-preview:-1"},"canonical":"http:\/\/animalotop.com\/index.php\/comportement-chien\/","og_locale":"fr_FR","og_type":"article","og_title":"Comportement Chien - Animal O&#039;top","og_description":"Comportementaliste canin, sp\u00e9cialiste de la relation Homme -Chien, \u00e9ducation positive, Sp\u00e9cialiste comportement chien","og_url":"http:\/\/animalotop.com\/index.php\/comportement-chien\/","og_site_name":"Animal O&#039;top","article_modified_time":"2023-03-27T14:51:56+00:00","og_image":[{"url":"http:\/\/animalotop.com\/wp-content\/uploads\/2017\/11\/mousse-le-chien.jpg"}],"twitter_card":"summary_large_image","twitter_misc":{"Dur\u00e9e de lecture estim\u00e9e":"1 minute"},"schema":{"@context":"https:\/\/schema.org","@graph":[{"@type":"WebPage","@id":"http:\/\/animalotop.com\/index.php\/comportement-chien\/","url":"http:\/\/animalotop.com\/index.php\/comportement-chien\/","name":"Comportement Chien - Animal O&#039;top","isPartOf":{"@id":"https:\/\/animalotop.com\/#website"},"datePublished":"2017-09-19T20:47:21+00:00","dateModified":"2023-03-27T14:51:56+00:00","description":"Comportementaliste canin, sp\u00e9cialiste de la relation Homme -Chien, \u00e9ducation positive, Sp\u00e9cialiste comportement chien","breadcrumb":{"@id":"http:\/\/animalotop.com\/index.php\/comportement-chien\/#breadcrumb"},"inLanguage":"fr-FR","potentialAction":[{"@type":"ReadAction","target":["http:\/\/animalotop.com\/index.php\/comportement-chien\/"]}]},{"@type":"BreadcrumbList","@id":"http:\/\/animalotop.com\/index.php\/comportement-chien\/#breadcrumb","itemListElement":[{"@type":"ListItem","position":1,"name":"Accueil","item":"https:\/\/animalotop.com\/"},{"@type":"ListItem","position":2,"name":"Comportement Chien"}]},{"@type":"WebSite","@id":"https:\/\/animalotop.com\/#website","url":"https:\/\/animalotop.com\/","name":"Animal O&#039;top","description":"Comportementaliste canin et f\u00e9lin, \u00e9ducation canine ,sp\u00e9cialiste du comportement, dipl\u00f4m\u00e9e, \u00e0 votre \u00e9coute pour tout souci de comportement avec votre chien ou votre chat. sommes situ\u00e9s \u00e0 15 kms de Paris, \u00e0 Enghien els bains (val d&#039;oise) (\u00efle de France) se d\u00e9place sur la r\u00e9gion parisienne et l\u2019Oise,","potentialAction":[{"@type":"SearchAction","target":{"@type":"EntryPoint","urlTemplate":"https:\/\/animalotop.com\/?s={search_term_string}"},"query-input":"required name=search_term_string"}],"inLanguage":"fr-FR"}]}},"_links":{"self":[{"href":"https:\/\/animalotop.com\/index.php\/wp-json\/wp\/v2\/pages\/47"}],"collection":[{"href":"https:\/\/animalotop.com\/index.php\/wp-json\/wp\/v2\/pages"}],"about":[{"href":"https:\/\/animalotop.com\/index.php\/wp-json\/wp\/v2\/types\/page"}],"author":[{"embeddable":true,"href":"https:\/\/animalotop.com\/index.php\/wp-json\/wp\/v2\/users\/1"}],"replies":[{"embeddable":true,"href":"https:\/\/animalotop.com\/index.php\/wp-json\/wp\/v2\/comments?post=47"}],"version-history":[{"count":20,"href":"https:\/\/animalotop.com\/index.php\/wp-json\/wp\/v2\/pages\/47\/revisions"}],"predecessor-version":[{"id":811,"href":"https:\/\/animalotop.com\/index.php\/wp-json\/wp\/v2\/pages\/47\/revisions\/811"}],"wp:attachment":[{"href":"https:\/\/animalotop.com\/index.php\/wp-json\/wp\/v2\/media?parent=47"}],"curies":[{"name":"wp","href":"https:\/\/api.w.org\/{rel}","templated":true}]}}