{"id":45,"date":"2017-09-19T22:46:51","date_gmt":"2017-09-19T20:46:51","guid":{"rendered":"http:\/\/animalotop.com\/?page_id=45"},"modified":"2023-03-27T16:48:04","modified_gmt":"2023-03-27T14:48:04","slug":"comportement-chat","status":"publish","type":"page","link":"https:\/\/animalotop.com\/index.php\/comportement-chat\/","title":{"rendered":"Comportement Chat"},"content":{"rendered":"<table width=\"100%\">\n<tbody>\n<tr>\n<td><\/td>\n<td>CHEZ LES CHATS : pourquoi CONSULTER ?<img loading=\"lazy\" decoding=\"async\" class=\"alignnone size-medium wp-image-39 alignright\" src=\"http:\/\/animalotop.com\/wp-content\/uploads\/2017\/09\/animalOtop_pr\u00e9sentation10-e1508874296690-300x140.jpg\" alt=\"Animal O'top, comportementaliste chats, sp\u00e9cialiste du chat, comportement du chat\" width=\"300\" height=\"140\" srcset=\"https:\/\/animalotop.com\/wp-content\/uploads\/2017\/09\/animalOtop_pr\u00e9sentation10-e1508874296690-300x140.jpg 300w, https:\/\/animalotop.com\/wp-content\/uploads\/2017\/09\/animalOtop_pr\u00e9sentation10-e1508874296690.jpg 642w\" sizes=\"(max-width: 300px) 100vw, 300px\" \/><\/p>\n<p>Vous rencontrez l&rsquo;un des d\u00e9sagr\u00e9ments suivants :<\/p>\n<ul>\n<li>Probl\u00e8mes de malpropret\u00e9<\/li>\n<li>Conduites agressives<\/li>\n<li>Probl\u00e8mes de cohabitation entre cong\u00e9n\u00e8res<\/li>\n<li>Agitations nocturnes \/ miaulements intempestifs<\/li>\n<li>Griffades ind\u00e9sirables<\/li>\n<li>Troubles de l&rsquo;attachement<\/li>\n<li>Troubles alimentaires<\/li>\n<li>Hyperactivit\u00e9<\/li>\n<li>Stress et capacit\u00e9 d&rsquo;adaptation<\/li>\n<li>Peurs, phobies et traumatismes<\/li>\n<li>Etats anxieux, d\u00e9pression et mauvaise gestion \u00e9motionnelle<\/li>\n<li>Alop\u00e9cie, onychophagie, Pica et comportements autocentr\u00e9s<\/li>\n<\/ul>\n<p style=\"text-align: right;\"><a href=\"http:\/\/animalotop.com\/index.php\/deroulement-de-la-consultation-chat\/\"><u>D\u00e9roulement de la consultation Chat<\/u><\/a><\/p>\n<\/td>\n<\/tr>\n<\/tbody>\n<\/table>\n","protected":false},"excerpt":{"rendered":"<p>CHEZ LES CHATS : pourquoi CONSULTER ? Vous rencontrez l&rsquo;un des d\u00e9sagr\u00e9ments suivants : Probl\u00e8mes de malpropret\u00e9 Conduites agressives Probl\u00e8mes de cohabitation entre cong\u00e9n\u00e8res Agitations nocturnes \/ miaulements intempestifs Griffades ind\u00e9sirables Troubles de l&rsquo;attachement Troubles alimentaires Hyperactivit\u00e9 Stress et capacit\u00e9 d&rsquo;adaptation Peurs, phobies et traumatismes Etats anxieux, d\u00e9pression et mauvaise gestion \u00e9motionnelle Alop\u00e9cie, onychophagie, Pica [&hellip;]<\/p>\n<a href=\"https:\/\/animalotop.com\/index.php\/comportement-chat\/\"> Lire la suite...<\/a>","protected":false},"author":1,"featured_media":0,"parent":0,"menu_order":0,"comment_status":"closed","ping_status":"closed","template":"","meta":{"footnotes":""},"yoast_head":"<!-- This site is optimized with the Yoast SEO plugin v20.3 - https:\/\/yoast.com\/wordpress\/plugins\/seo\/ -->\n<title>Comportement Chat - Animal O&#039;top<\/title>\n<meta name=\"description\" content=\"Comportementaliste chats, expert comportement chats depuis 10 ans en essonne et toute la r\u00e9gion des Hauts de France\" \/>\n<meta name=\"robots\" content=\"index, follow, max-snippet:-1, max-image-preview:large, max-video-preview:-1\" \/>\n<link rel=\"canonical\" href=\"https:\/\/animalotop.com\/index.php\/comportement-chat\/\" \/>\n<meta property=\"og:locale\" content=\"fr_FR\" \/>\n<meta property=\"og:type\" content=\"article\" \/>\n<meta property=\"og:title\" content=\"Comportement Chat - Animal O&#039;top\" \/>\n<meta property=\"og:description\" content=\"Comportementaliste chats, expert comportement chats depuis 10 ans en essonne et toute la r\u00e9gion des Hauts de France\" \/>\n<meta property=\"og:url\" content=\"https:\/\/animalotop.com\/index.php\/comportement-chat\/\" \/>\n<meta property=\"og:site_name\" content=\"Animal O&#039;top\" \/>\n<meta property=\"article:modified_time\" content=\"2023-03-27T14:48:04+00:00\" \/>\n<meta name=\"twitter:card\" content=\"summary_large_image\" \/>\n<meta name=\"twitter:label1\" content=\"Dur\u00e9e de lecture estim\u00e9e\" \/>\n\t<meta name=\"twitter:data1\" content=\"1 minute\" \/>\n<script type=\"application\/ld+json\" class=\"yoast-schema-graph\">{\"@context\":\"https:\/\/schema.org\",\"@graph\":[{\"@type\":\"WebPage\",\"@id\":\"https:\/\/animalotop.com\/index.php\/comportement-chat\/\",\"url\":\"https:\/\/animalotop.com\/index.php\/comportement-chat\/\",\"name\":\"Comportement Chat - Animal O&#039;top\",\"isPartOf\":{\"@id\":\"http:\/\/animalotop.com\/#website\"},\"datePublished\":\"2017-09-19T20:46:51+00:00\",\"dateModified\":\"2023-03-27T14:48:04+00:00\",\"description\":\"Comportementaliste chats, expert comportement chats depuis 10 ans en essonne et toute la r\u00e9gion des Hauts de France\",\"breadcrumb\":{\"@id\":\"https:\/\/animalotop.com\/index.php\/comportement-chat\/#breadcrumb\"},\"inLanguage\":\"fr-FR\",\"potentialAction\":[{\"@type\":\"ReadAction\",\"target\":[\"https:\/\/animalotop.com\/index.php\/comportement-chat\/\"]}]},{\"@type\":\"BreadcrumbList\",\"@id\":\"https:\/\/animalotop.com\/index.php\/comportement-chat\/#breadcrumb\",\"itemListElement\":[{\"@type\":\"ListItem\",\"position\":1,\"name\":\"Accueil\",\"item\":\"http:\/\/animalotop.com\/\"},{\"@type\":\"ListItem\",\"position\":2,\"name\":\"Comportement Chat\"}]},{\"@type\":\"WebSite\",\"@id\":\"http:\/\/animalotop.com\/#website\",\"url\":\"http:\/\/animalotop.com\/\",\"name\":\"Animal O&#039;top\",\"description\":\"Comportementaliste canin et f\u00e9lin, \u00e9ducation canine ,sp\u00e9cialiste du comportement, dipl\u00f4m\u00e9e, \u00e0 votre \u00e9coute pour tout souci de comportement avec votre chien ou votre chat. sommes situ\u00e9s \u00e0 15 kms de Paris, \u00e0 Enghien els bains (val d&#039;oise) (\u00efle de France) se d\u00e9place sur la r\u00e9gion parisienne et l\u2019Oise,\",\"potentialAction\":[{\"@type\":\"SearchAction\",\"target\":{\"@type\":\"EntryPoint\",\"urlTemplate\":\"http:\/\/animalotop.com\/?s={search_term_string}\"},\"query-input\":\"required name=search_term_string\"}],\"inLanguage\":\"fr-FR\"}]}<\/script>\n<!-- \/ Yoast SEO plugin. -->","yoast_head_json":{"title":"Comportement Chat - Animal O&#039;top","description":"Comportementaliste chats, expert comportement chats depuis 10 ans en essonne et toute la r\u00e9gion des Hauts de France","robots":{"index":"index","follow":"follow","max-snippet":"max-snippet:-1","max-image-preview":"max-image-preview:large","max-video-preview":"max-video-preview:-1"},"canonical":"https:\/\/animalotop.com\/index.php\/comportement-chat\/","og_locale":"fr_FR","og_type":"article","og_title":"Comportement Chat - Animal O&#039;top","og_description":"Comportementaliste chats, expert comportement chats depuis 10 ans en essonne et toute la r\u00e9gion des Hauts de France","og_url":"https:\/\/animalotop.com\/index.php\/comportement-chat\/","og_site_name":"Animal O&#039;top","article_modified_time":"2023-03-27T14:48:04+00:00","twitter_card":"summary_large_image","twitter_misc":{"Dur\u00e9e de lecture estim\u00e9e":"1 minute"},"schema":{"@context":"https:\/\/schema.org","@graph":[{"@type":"WebPage","@id":"https:\/\/animalotop.com\/index.php\/comportement-chat\/","url":"https:\/\/animalotop.com\/index.php\/comportement-chat\/","name":"Comportement Chat - Animal O&#039;top","isPartOf":{"@id":"http:\/\/animalotop.com\/#website"},"datePublished":"2017-09-19T20:46:51+00:00","dateModified":"2023-03-27T14:48:04+00:00","description":"Comportementaliste chats, expert comportement chats depuis 10 ans en essonne et toute la r\u00e9gion des Hauts de France","breadcrumb":{"@id":"https:\/\/animalotop.com\/index.php\/comportement-chat\/#breadcrumb"},"inLanguage":"fr-FR","potentialAction":[{"@type":"ReadAction","target":["https:\/\/animalotop.com\/index.php\/comportement-chat\/"]}]},{"@type":"BreadcrumbList","@id":"https:\/\/animalotop.com\/index.php\/comportement-chat\/#breadcrumb","itemListElement":[{"@type":"ListItem","position":1,"name":"Accueil","item":"http:\/\/animalotop.com\/"},{"@type":"ListItem","position":2,"name":"Comportement Chat"}]},{"@type":"WebSite","@id":"http:\/\/animalotop.com\/#website","url":"http:\/\/animalotop.com\/","name":"Animal O&#039;top","description":"Comportementaliste canin et f\u00e9lin, \u00e9ducation canine ,sp\u00e9cialiste du comportement, dipl\u00f4m\u00e9e, \u00e0 votre \u00e9coute pour tout souci de comportement avec votre chien ou votre chat. sommes situ\u00e9s \u00e0 15 kms de Paris, \u00e0 Enghien els bains (val d&#039;oise) (\u00efle de France) se d\u00e9place sur la r\u00e9gion parisienne et l\u2019Oise,","potentialAction":[{"@type":"SearchAction","target":{"@type":"EntryPoint","urlTemplate":"http:\/\/animalotop.com\/?s={search_term_string}"},"query-input":"required name=search_term_string"}],"inLanguage":"fr-FR"}]}},"_links":{"self":[{"href":"https:\/\/animalotop.com\/index.php\/wp-json\/wp\/v2\/pages\/45"}],"collection":[{"href":"https:\/\/animalotop.com\/index.php\/wp-json\/wp\/v2\/pages"}],"about":[{"href":"https:\/\/animalotop.com\/index.php\/wp-json\/wp\/v2\/types\/page"}],"author":[{"embeddable":true,"href":"https:\/\/animalotop.com\/index.php\/wp-json\/wp\/v2\/users\/1"}],"replies":[{"embeddable":true,"href":"https:\/\/animalotop.com\/index.php\/wp-json\/wp\/v2\/comments?post=45"}],"version-history":[{"count":10,"href":"https:\/\/animalotop.com\/index.php\/wp-json\/wp\/v2\/pages\/45\/revisions"}],"predecessor-version":[{"id":809,"href":"https:\/\/animalotop.com\/index.php\/wp-json\/wp\/v2\/pages\/45\/revisions\/809"}],"wp:attachment":[{"href":"https:\/\/animalotop.com\/index.php\/wp-json\/wp\/v2\/media?parent=45"}],"curies":[{"name":"wp","href":"https:\/\/api.w.org\/{rel}","templated":true}]}}