{"id":274,"date":"2017-10-29T17:39:49","date_gmt":"2017-10-29T16:39:49","guid":{"rendered":"http:\/\/animalotop.com\/?page_id=274"},"modified":"2023-03-27T17:00:50","modified_gmt":"2023-03-27T15:00:50","slug":"deroulement-de-la-consultation-chat","status":"publish","type":"page","link":"https:\/\/animalotop.com\/index.php\/deroulement-de-la-consultation-chat\/","title":{"rendered":"D\u00e9roulement de la consultation chat"},"content":{"rendered":"<p><img loading=\"lazy\" decoding=\"async\" class=\"alignnone size-medium wp-image-389\" src=\"http:\/\/animalotop.com\/wp-content\/uploads\/2017\/11\/chat-cuisine-300x201.jpg\" alt=\"Animal O'top, \u00e9ducateur, comportementaliste chiens, comportementaliste chats\" width=\"300\" height=\"201\" srcset=\"https:\/\/animalotop.com\/wp-content\/uploads\/2017\/11\/chat-cuisine-300x201.jpg 300w, https:\/\/animalotop.com\/wp-content\/uploads\/2017\/11\/chat-cuisine-387x260.jpg 387w, https:\/\/animalotop.com\/wp-content\/uploads\/2017\/11\/chat-cuisine.jpg 750w\" sizes=\"(max-width: 300px) 100vw, 300px\" \/>\u00a0 \u00a0 \u00a0 \u00a0 \u00a0 \u00a0 \u00a0 \u00a0 \u00a0 \u00a0 \u00a0 \u00a0 \u00a0 \u00a0 <img loading=\"lazy\" decoding=\"async\" class=\"alignnone size-medium wp-image-391\" src=\"http:\/\/animalotop.com\/wp-content\/uploads\/2017\/11\/chat-qui-mord-300x200.jpg\" alt=\"Animal O'top, comportementaliste chat, chat mordeur, chat agressif\" width=\"300\" height=\"200\" srcset=\"https:\/\/animalotop.com\/wp-content\/uploads\/2017\/11\/chat-qui-mord-300x200.jpg 300w, https:\/\/animalotop.com\/wp-content\/uploads\/2017\/11\/chat-qui-mord.jpg 424w\" sizes=\"(max-width: 300px) 100vw, 300px\" \/><\/p>\n<p>Le comportementaliste va se\u00a0d\u00e9placer \u00e0 votre domicile (dans les cas particuliers d\u2019\u00e9loignement g\u00e9ographique nous pouvons, m\u00eame si cela est un peu moins facile, envisager une consultation \u00e0 distance, par Skype ou autre mode le plus ad\u00e9quat, m\u00eame si le d\u00e9placement au domicile est le meilleur pour \u00e9tablir notre bilan).<\/p>\n<p>Comment va se d\u00e9rouler la consultation comportementale\u00a0?\u00a0 Combien de temps pr\u00e9voir\u00a0?<\/p>\n<p>Lors de la consultation (pr\u00e9voir une dur\u00e9e de disponibilit\u00e9 entre 1h30 et 2 heures) nous allons faire avec vous l\u2019historique complet de votre relation avec le chat. J\u2019aurai un questionnaire complet pour vous poser un nombre de questions pr\u00e9cis, celui-ci sera la base de mon \u00e9valuation comportementale \u00e0 venir\u00a0; sachez que plus nous entrerons dans le d\u00e9tail plus nous serons \u00e0 m\u00eame de vous donner les solutions ad\u00e9quates. Nous partirons de l\u2019adoption de votre chaton \u00e0 ce jour et \u00e0 ce qui vous am\u00e8ne \u00e0 consulter. Nous passerons en revue ses habitudes alimentaires, ses habitudes de vie, son environnement de vie, vos habitudes \u00e0 vous, etc\u2026<\/p>\n<p>Ensuite, forts de ces \u00e9l\u00e9ments, nous vous expliquerons ce que vous devez faire, quelle est la strat\u00e9gie \u00e0 mettre en place, pourquoi il en est ainsi car il est important de vous expliquer comment g\u00e8rent les relations avec votre \/ vos f\u00e9lins.\u00a0 <strong>Notre exp\u00e9rience d\u2019\u00e9levage<\/strong>, depuis plus de 10 ans au cours de laquelle nous avons vu na\u00eetre, \u00e9lever des b\u00e9b\u00e9s, v\u00e9cu avec des adultes reproducteurs, des chats st\u00e9rilis\u00e9s en retraite, en bref un nombre cons\u00e9quent de chats (aujourd\u2019hui ils constituent un cheptel de 12 bengals qui \u00a0partagent notre foyer) est un plus . Ceci nous permet incontestablement d\u2019avoir cette exp\u00e9rience sans prix du monde f\u00e9lin, de son comportement en \u00e9levage, en plus de <strong>notre expertise en comportement f\u00e9lin. <\/strong><\/p>\n<p><img loading=\"lazy\" decoding=\"async\" class=\"alignnone size-medium wp-image-394\" src=\"http:\/\/animalotop.com\/wp-content\/uploads\/2017\/11\/marquage-300x257.jpg\" alt=\"Animal O'top, comportementaliste chats, probl\u00e8mes de marquage, malpropret\u00e9s chat\" width=\"300\" height=\"257\" srcset=\"https:\/\/animalotop.com\/wp-content\/uploads\/2017\/11\/marquage-300x257.jpg 300w, https:\/\/animalotop.com\/wp-content\/uploads\/2017\/11\/marquage.jpg 400w\" sizes=\"(max-width: 300px) 100vw, 300px\" \/>\u00a0 \u00a0 \u00a0 \u00a0\u00a0 <img loading=\"lazy\" decoding=\"async\" class=\"alignnone  wp-image-504\" src=\"http:\/\/animalotop.com\/wp-content\/uploads\/2017\/11\/2004841175_small_1-300x225.jpg\" alt=\"Animal O'top, comportement chat, destructions\" width=\"339\" height=\"254\" srcset=\"https:\/\/animalotop.com\/wp-content\/uploads\/2017\/11\/2004841175_small_1-300x225.jpg 300w, https:\/\/animalotop.com\/wp-content\/uploads\/2017\/11\/2004841175_small_1.jpg 400w\" sizes=\"(max-width: 339px) 100vw, 339px\" \/><\/p>\n<p><strong>L\u2019important est de vous donner les solutions rapides et efficaces<\/strong> et surtout <strong>de vous expliquer pourquoi vous allez adopter telle ou telle attitude <\/strong>pour solutionner un souci, nous vous donnerons les clefs du comportement f\u00e9lin et les bases \u00e9thologiques\u00a0 afin de mieux vous permettre de les cerner.<\/p>\n<p>G\u00e9n\u00e9ralement, concernant les chats, <strong>une seule consultation est n\u00e9cessaire<\/strong>.\u00a0 <strong>Nous fixons ensemble un rendez vous t\u00e9l\u00e9phonique de suivi un mois apr\u00e8s<\/strong> notre rendez-vous afin de faire un bilan sur le mois \u00e9coul\u00e9, afin de voir les r\u00e9actions du chat, savoir si vous avez eu des soucis \u00e0 mettre en place les consignes et voir s\u2019il y a lieu de modifier quelques \u00e9l\u00e9ments ou non. Je reste toujours joignable par mail ou t\u00e9l\u00e9phone pour les questions de mes clients. Je les encourage m\u00eame \u00e0 cela.<\/p>\n<p><img loading=\"lazy\" decoding=\"async\" class=\"alignnone size-medium wp-image-392\" src=\"http:\/\/animalotop.com\/wp-content\/uploads\/2017\/11\/chat-qui-porte-257x300.jpg\" alt=\"Animal O'top, comportementaliste chats, comportementaliste chiens\" width=\"257\" height=\"300\" srcset=\"https:\/\/animalotop.com\/wp-content\/uploads\/2017\/11\/chat-qui-porte-257x300.jpg 257w, https:\/\/animalotop.com\/wp-content\/uploads\/2017\/11\/chat-qui-porte-768x895.jpg 768w, https:\/\/animalotop.com\/wp-content\/uploads\/2017\/11\/chat-qui-porte-878x1024.jpg 878w, https:\/\/animalotop.com\/wp-content\/uploads\/2017\/11\/chat-qui-porte.jpg 1200w\" sizes=\"(max-width: 257px) 100vw, 257px\" \/>\u00a0 \u00a0 \u00a0 \u00a0 \u00a0 \u00a0 \u00a0 \u00a0 \u00a0 \u00a0 \u00a0 \u00a0 \u00a0 \u00a0 \u00a0 \u00a0<img loading=\"lazy\" decoding=\"async\" class=\"alignnone size-medium wp-image-395\" src=\"http:\/\/animalotop.com\/wp-content\/uploads\/2017\/11\/noi-et-chien-224x300.jpg\" alt=\"Animal O'top, comportementaliste chats, comportementaliste chien, sp\u00e9cialiste de la relation homme chat, homme chien\" width=\"224\" height=\"300\" srcset=\"https:\/\/animalotop.com\/wp-content\/uploads\/2017\/11\/noi-et-chien-224x300.jpg 224w, https:\/\/animalotop.com\/wp-content\/uploads\/2017\/11\/noi-et-chien-768x1028.jpg 768w, https:\/\/animalotop.com\/wp-content\/uploads\/2017\/11\/noi-et-chien-765x1024.jpg 765w\" sizes=\"(max-width: 224px) 100vw, 224px\" \/><\/p>\n<p><strong>Le comportementaliste n\u2019est pas habilit\u00e9 \u00e0 vous prescrire des m\u00e9dicaments pour votre chat<\/strong>, sauf le v\u00e9t\u00e9rinaire comportementaliste. Par contre il pourra \u00e9ventuellement vous conseiller l\u2019utilisation de plantes comme les fleurs de Bach. J\u2019utilise, \u00e0 titre personnel, \u00a0tant au niveau de l\u2019\u00e9levage\u00a0 que pour r\u00e9gler des soucis de comportement f\u00e9lin, les Fleurs de Bach, avec des r\u00e9sultats tr\u00e8s satisfaisants.<\/p>\n<p>S\u2019il ne trouve rien d\u2019anormal c\u00f4t\u00e9 environnement du chat, le comportementaliste \u00a0pourra \u00a0vous conseiller de retourner voir\u00a0votre v\u00e9t\u00e9rinaire, vous sugg\u00e9rer des analyses compl\u00e9mentaires. <strong>Un comportementaliste s\u00e9rieux s\u2019assurera toujours avant sa consultation de v\u00e9rifier si le chat a bien \u00e9t\u00e9 contr\u00f4l\u00e9 par un v\u00e9t\u00e9rinaire.<\/strong><\/p>\n<p><img loading=\"lazy\" decoding=\"async\" class=\"alignnone  wp-image-393 aligncenter\" src=\"http:\/\/animalotop.com\/wp-content\/uploads\/2017\/11\/chat-salade-300x201.jpg\" alt=\"Animal O'top, comportementaliste chats, sp\u00e9cialiste du chat, \u00e9leveuse,\" width=\"405\" height=\"271\" srcset=\"https:\/\/animalotop.com\/wp-content\/uploads\/2017\/11\/chat-salade-300x201.jpg 300w, https:\/\/animalotop.com\/wp-content\/uploads\/2017\/11\/chat-salade-387x260.jpg 387w, https:\/\/animalotop.com\/wp-content\/uploads\/2017\/11\/chat-salade.jpg 750w\" sizes=\"(max-width: 405px) 100vw, 405px\" \/><\/p>\n","protected":false},"excerpt":{"rendered":"<p>\u00a0 \u00a0 \u00a0 \u00a0 \u00a0 \u00a0 \u00a0 \u00a0 \u00a0 \u00a0 \u00a0 \u00a0 \u00a0 \u00a0 Le comportementaliste va se\u00a0d\u00e9placer \u00e0 votre domicile (dans les cas particuliers d\u2019\u00e9loignement g\u00e9ographique nous pouvons, m\u00eame si cela est un peu moins facile, envisager une consultation \u00e0 distance, par Skype ou autre mode le plus ad\u00e9quat, m\u00eame si le d\u00e9placement au [&hellip;]<\/p>\n<a href=\"https:\/\/animalotop.com\/index.php\/deroulement-de-la-consultation-chat\/\"> Lire la suite...<\/a>","protected":false},"author":1,"featured_media":0,"parent":0,"menu_order":0,"comment_status":"closed","ping_status":"closed","template":"","meta":{"footnotes":""},"yoast_head":"<!-- This site is optimized with the Yoast SEO plugin v20.3 - https:\/\/yoast.com\/wordpress\/plugins\/seo\/ -->\n<title>D\u00e9roulement de la consultation chat - Animal O&#039;top<\/title>\n<meta name=\"description\" content=\"Comportementaliste f\u00e9lin, sp\u00e9cialiste du chat, expert chat, exp\u00e9rience d&#039;eleveur f\u00e9lin, d\u00e9placements sur r\u00e9gion parisienne.\" \/>\n<meta name=\"robots\" content=\"index, follow, max-snippet:-1, max-image-preview:large, max-video-preview:-1\" \/>\n<link rel=\"canonical\" href=\"http:\/\/animalotop.com\/index.php\/deroulement-de-la-consultation-chat\/\" \/>\n<meta property=\"og:locale\" content=\"fr_FR\" \/>\n<meta property=\"og:type\" content=\"article\" \/>\n<meta property=\"og:title\" content=\"D\u00e9roulement de la consultation chat - Animal O&#039;top\" \/>\n<meta property=\"og:description\" content=\"Comportementaliste f\u00e9lin, sp\u00e9cialiste du chat, expert chat, exp\u00e9rience d&#039;eleveur f\u00e9lin, d\u00e9placements sur r\u00e9gion parisienne.\" \/>\n<meta property=\"og:url\" content=\"http:\/\/animalotop.com\/index.php\/deroulement-de-la-consultation-chat\/\" \/>\n<meta property=\"og:site_name\" content=\"Animal O&#039;top\" \/>\n<meta property=\"article:modified_time\" content=\"2023-03-27T15:00:50+00:00\" \/>\n<meta property=\"og:image\" content=\"http:\/\/animalotop.com\/wp-content\/uploads\/2017\/11\/chat-cuisine-300x201.jpg\" \/>\n<meta name=\"twitter:card\" content=\"summary_large_image\" \/>\n<meta name=\"twitter:label1\" content=\"Dur\u00e9e de lecture estim\u00e9e\" \/>\n\t<meta name=\"twitter:data1\" content=\"5 minutes\" \/>\n<script type=\"application\/ld+json\" class=\"yoast-schema-graph\">{\"@context\":\"https:\/\/schema.org\",\"@graph\":[{\"@type\":\"WebPage\",\"@id\":\"http:\/\/animalotop.com\/index.php\/deroulement-de-la-consultation-chat\/\",\"url\":\"http:\/\/animalotop.com\/index.php\/deroulement-de-la-consultation-chat\/\",\"name\":\"D\u00e9roulement de la consultation chat - Animal O&#039;top\",\"isPartOf\":{\"@id\":\"http:\/\/animalotop.com\/#website\"},\"datePublished\":\"2017-10-29T16:39:49+00:00\",\"dateModified\":\"2023-03-27T15:00:50+00:00\",\"description\":\"Comportementaliste f\u00e9lin, sp\u00e9cialiste du chat, expert chat, exp\u00e9rience d'eleveur f\u00e9lin, d\u00e9placements sur r\u00e9gion parisienne.\",\"breadcrumb\":{\"@id\":\"http:\/\/animalotop.com\/index.php\/deroulement-de-la-consultation-chat\/#breadcrumb\"},\"inLanguage\":\"fr-FR\",\"potentialAction\":[{\"@type\":\"ReadAction\",\"target\":[\"http:\/\/animalotop.com\/index.php\/deroulement-de-la-consultation-chat\/\"]}]},{\"@type\":\"BreadcrumbList\",\"@id\":\"http:\/\/animalotop.com\/index.php\/deroulement-de-la-consultation-chat\/#breadcrumb\",\"itemListElement\":[{\"@type\":\"ListItem\",\"position\":1,\"name\":\"Accueil\",\"item\":\"http:\/\/animalotop.com\/\"},{\"@type\":\"ListItem\",\"position\":2,\"name\":\"D\u00e9roulement de la consultation chat\"}]},{\"@type\":\"WebSite\",\"@id\":\"http:\/\/animalotop.com\/#website\",\"url\":\"http:\/\/animalotop.com\/\",\"name\":\"Animal O&#039;top\",\"description\":\"Comportementaliste canin et f\u00e9lin, \u00e9ducation canine ,sp\u00e9cialiste du comportement, dipl\u00f4m\u00e9e, \u00e0 votre \u00e9coute pour tout souci de comportement avec votre chien ou votre chat. sommes situ\u00e9s \u00e0 15 kms de Paris, \u00e0 Enghien els bains (val d&#039;oise) (\u00efle de France) se d\u00e9place sur la r\u00e9gion parisienne et l\u2019Oise,\",\"potentialAction\":[{\"@type\":\"SearchAction\",\"target\":{\"@type\":\"EntryPoint\",\"urlTemplate\":\"http:\/\/animalotop.com\/?s={search_term_string}\"},\"query-input\":\"required name=search_term_string\"}],\"inLanguage\":\"fr-FR\"}]}<\/script>\n<!-- \/ Yoast SEO plugin. -->","yoast_head_json":{"title":"D\u00e9roulement de la consultation chat - Animal O&#039;top","description":"Comportementaliste f\u00e9lin, sp\u00e9cialiste du chat, expert chat, exp\u00e9rience d'eleveur f\u00e9lin, d\u00e9placements sur r\u00e9gion parisienne.","robots":{"index":"index","follow":"follow","max-snippet":"max-snippet:-1","max-image-preview":"max-image-preview:large","max-video-preview":"max-video-preview:-1"},"canonical":"http:\/\/animalotop.com\/index.php\/deroulement-de-la-consultation-chat\/","og_locale":"fr_FR","og_type":"article","og_title":"D\u00e9roulement de la consultation chat - Animal O&#039;top","og_description":"Comportementaliste f\u00e9lin, sp\u00e9cialiste du chat, expert chat, exp\u00e9rience d'eleveur f\u00e9lin, d\u00e9placements sur r\u00e9gion parisienne.","og_url":"http:\/\/animalotop.com\/index.php\/deroulement-de-la-consultation-chat\/","og_site_name":"Animal O&#039;top","article_modified_time":"2023-03-27T15:00:50+00:00","og_image":[{"url":"http:\/\/animalotop.com\/wp-content\/uploads\/2017\/11\/chat-cuisine-300x201.jpg"}],"twitter_card":"summary_large_image","twitter_misc":{"Dur\u00e9e de lecture estim\u00e9e":"5 minutes"},"schema":{"@context":"https:\/\/schema.org","@graph":[{"@type":"WebPage","@id":"http:\/\/animalotop.com\/index.php\/deroulement-de-la-consultation-chat\/","url":"http:\/\/animalotop.com\/index.php\/deroulement-de-la-consultation-chat\/","name":"D\u00e9roulement de la consultation chat - Animal O&#039;top","isPartOf":{"@id":"http:\/\/animalotop.com\/#website"},"datePublished":"2017-10-29T16:39:49+00:00","dateModified":"2023-03-27T15:00:50+00:00","description":"Comportementaliste f\u00e9lin, sp\u00e9cialiste du chat, expert chat, exp\u00e9rience d'eleveur f\u00e9lin, d\u00e9placements sur r\u00e9gion parisienne.","breadcrumb":{"@id":"http:\/\/animalotop.com\/index.php\/deroulement-de-la-consultation-chat\/#breadcrumb"},"inLanguage":"fr-FR","potentialAction":[{"@type":"ReadAction","target":["http:\/\/animalotop.com\/index.php\/deroulement-de-la-consultation-chat\/"]}]},{"@type":"BreadcrumbList","@id":"http:\/\/animalotop.com\/index.php\/deroulement-de-la-consultation-chat\/#breadcrumb","itemListElement":[{"@type":"ListItem","position":1,"name":"Accueil","item":"http:\/\/animalotop.com\/"},{"@type":"ListItem","position":2,"name":"D\u00e9roulement de la consultation chat"}]},{"@type":"WebSite","@id":"http:\/\/animalotop.com\/#website","url":"http:\/\/animalotop.com\/","name":"Animal O&#039;top","description":"Comportementaliste canin et f\u00e9lin, \u00e9ducation canine ,sp\u00e9cialiste du comportement, dipl\u00f4m\u00e9e, \u00e0 votre \u00e9coute pour tout souci de comportement avec votre chien ou votre chat. sommes situ\u00e9s \u00e0 15 kms de Paris, \u00e0 Enghien els bains (val d&#039;oise) (\u00efle de France) se d\u00e9place sur la r\u00e9gion parisienne et l\u2019Oise,","potentialAction":[{"@type":"SearchAction","target":{"@type":"EntryPoint","urlTemplate":"http:\/\/animalotop.com\/?s={search_term_string}"},"query-input":"required name=search_term_string"}],"inLanguage":"fr-FR"}]}},"_links":{"self":[{"href":"https:\/\/animalotop.com\/index.php\/wp-json\/wp\/v2\/pages\/274"}],"collection":[{"href":"https:\/\/animalotop.com\/index.php\/wp-json\/wp\/v2\/pages"}],"about":[{"href":"https:\/\/animalotop.com\/index.php\/wp-json\/wp\/v2\/types\/page"}],"author":[{"embeddable":true,"href":"https:\/\/animalotop.com\/index.php\/wp-json\/wp\/v2\/users\/1"}],"replies":[{"embeddable":true,"href":"https:\/\/animalotop.com\/index.php\/wp-json\/wp\/v2\/comments?post=274"}],"version-history":[{"count":10,"href":"https:\/\/animalotop.com\/index.php\/wp-json\/wp\/v2\/pages\/274\/revisions"}],"predecessor-version":[{"id":820,"href":"https:\/\/animalotop.com\/index.php\/wp-json\/wp\/v2\/pages\/274\/revisions\/820"}],"wp:attachment":[{"href":"https:\/\/animalotop.com\/index.php\/wp-json\/wp\/v2\/media?parent=274"}],"curies":[{"name":"wp","href":"https:\/\/api.w.org\/{rel}","templated":true}]}}