{"id":65,"date":"2017-09-19T22:51:58","date_gmt":"2017-09-19T20:51:58","guid":{"rendered":"http:\/\/animalotop.com\/?page_id=65"},"modified":"2023-03-27T16:46:42","modified_gmt":"2023-03-27T14:46:42","slug":"comportement","status":"publish","type":"page","link":"http:\/\/animalotop.com\/index.php\/comportement\/","title":{"rendered":"Comportement"},"content":{"rendered":"<h2 style=\"text-align: center;\"><b>LE COMPORTEMENTALISTE :<\/b><\/h2>\n<p style=\"text-align: justify;\"><b>SON CHAMP D\u2019INTERVENTION\u00a0 :<\/b><\/p>\n<p style=\"text-align: left;\">Le comportementaliste est un conseiller en psychologie animale.<img loading=\"lazy\" decoding=\"async\" class=\"alignnone  wp-image-268\" src=\"http:\/\/animalotop.com\/wp-content\/uploads\/2017\/09\/animalOtop_pr\u00e9sentation8.jpg\" alt=\"Animal O'top, comportementaliste canin, comportementaliste f\u00e9lin\" width=\"239\" height=\"197\" \/><\/p>\n<p style=\"text-align: justify;\">Il poss\u00e8de des connaissances\u00a0 dans le champ des sciences animales,\u00a0 en\u00a0 psychologie, en \u00e9thologie.\u00a0 Il va chercher \u00e0 comprendre quelle est la relation affective entre l\u2019homme et l\u2019animal et va intervenir pour l\u2019am\u00e9liorer Pour cela il doit bien identifier\u00a0 le contexte dans lequel vit l\u2019animal, il doit faire preuve de capacit\u00e9s d\u2019\u00e9coute du client, doit pouvoir observer l\u2019animal dans son milieu de vie lors de la consultation \u00e0 domicile car il devra analyser ces \u00e9l\u00e9ments pour \u00e9tablir ensuite ses recommandations personnalis\u00e9es.<\/p>\n<p style=\"text-align: justify;\">Cette profession r\u00e9cente, d\u00e9j\u00e0 bien d\u00e9velopp\u00e9e outre-Atlantique a fait ses preuves.\u00a0 Le public fran\u00e7ais commence \u00e0 prendre conscience de l\u2019int\u00e9r\u00eat de cette approche comportementale. Le m\u00e9tier de comportementaliste a \u00e9t\u00e9 cr\u00e9\u00e9 en France en 1984 par Michel Chanton et est en plein essor en France.<\/p>\n<p style=\"text-align: justify;\">Il faut bien distinguer les diff\u00e9rents intervenants autour de l\u2019animal :\u00a0 A chacun son m\u00e9tier !<\/p>\n<p style=\"text-align: justify;\">L\u2019\u00e9leveur va se charger de faire na\u00eetre les chiots ou chatons et les pr\u00e9parera \u00e0 int\u00e9grer leur famille d\u2019adoption dans les meilleures conditions.<\/p>\n<p style=\"text-align: justify;\">Le v\u00e9t\u00e9rinaire sera charg\u00e9 du suivi m\u00e9dical de l\u2019animal durant toute sa vie (suivi classique, vaccins, soins et m\u00e9dication).<\/p>\n<p style=\"text-align: justify;\">Les \u00e9ducateurs canins seront l\u00e0 pour vous aider \u00e0 \u00e9duquer le chien.<\/p>\n<p style=\"text-align: justify;\"><strong>Le comportementaliste est compl\u00e9mentaire \u00e0 ces professions, et en aucun cas concurrent.<\/strong>\u00a0 \u00ab\u00a0ANIMAL O TOP\u00a0\u00bb travaille d\u2019ailleurs en relation avec des v\u00e9t\u00e9rinaires\u00a0 lorsqu&rsquo;un besoin sp\u00e9cifique d&rsquo;un comportementaliste est identifi\u00e9, car nous nous\u00a0 d\u00e9pla\u00e7ons imm\u00e9diatement chez les gens et allons identifier sur place le milieu de vie de l&rsquo;animal. Parfois,\u00a0 il est possible que ni la m\u00e9decine v\u00e9t\u00e9rinaire ni l\u2019\u00e9ducateur ne peuvent apporter de solutions d\u00e9finitives,\u00a0 et c\u2019est le comportementaliste qui va <b>aider \u00e0 r\u00e9tablir une relation harmonieuse entre la propri\u00e9taire et son chien ou son chat en s\u2019attaquant directement aux causes du probl\u00e8me.<\/b><\/p>\n<p style=\"text-align: justify;\"><img loading=\"lazy\" decoding=\"async\" class=\"alignnone size-full wp-image-267\" src=\"http:\/\/animalotop.com\/wp-content\/uploads\/2017\/09\/animalOtop_pr\u00e9sentation3.jpg\" alt=\"Animal O'top, comportementaliste canin, comportementaliste f\u00e9lin\" width=\"160\" height=\"107\" \/>Il est important de noter que chaque animal est diff\u00e9rent et que les conseils seront adapt\u00e9s de fa\u00e7on individuelle en fonction de la famille, du v\u00e9cu de l\u2019animal,\u00a0 de son temp\u00e9rament.<\/p>\n<p style=\"text-align: justify;\">\u00a0 \u00a0 \u00a0 \u00a0 \u00a0 \u00a0 \u00a0 \u00a0 \u00a0 \u00a0 \u00a0 \u00a0 \u00a0 \u00a0 \u00a0 \u00a0 \u00a0 \u00a0 \u00a0 \u00a0 \u00a0 \u00a0 \u00a0 \u00a0 \u00a0 \u00a0 \u00a0 \u00a0 \u00a0 \u00a0 \u00a0 \u00a0 \u00a0 \u00a0 \u00a0 \u00a0 <img loading=\"lazy\" decoding=\"async\" class=\"alignnone size-medium wp-image-468\" src=\"http:\/\/animalotop.com\/wp-content\/uploads\/2017\/11\/kiss-2728106_1920-300x202.jpg\" alt=\"Animal O'top, comportementaliste chien, comportementaliste chats, education canine, comportement\" width=\"300\" height=\"202\" srcset=\"http:\/\/animalotop.com\/wp-content\/uploads\/2017\/11\/kiss-2728106_1920-300x202.jpg 300w, http:\/\/animalotop.com\/wp-content\/uploads\/2017\/11\/kiss-2728106_1920-768x517.jpg 768w, http:\/\/animalotop.com\/wp-content\/uploads\/2017\/11\/kiss-2728106_1920-1024x690.jpg 1024w, http:\/\/animalotop.com\/wp-content\/uploads\/2017\/11\/kiss-2728106_1920-387x260.jpg 387w, http:\/\/animalotop.com\/wp-content\/uploads\/2017\/11\/kiss-2728106_1920.jpg 1920w\" sizes=\"(max-width: 300px) 100vw, 300px\" \/><\/p>\n","protected":false},"excerpt":{"rendered":"<p>LE COMPORTEMENTALISTE : SON CHAMP D\u2019INTERVENTION\u00a0 : Le comportementaliste est un conseiller en psychologie animale. Il poss\u00e8de des connaissances\u00a0 dans le champ des sciences animales,\u00a0 en\u00a0 psychologie, en \u00e9thologie.\u00a0 Il va chercher \u00e0 comprendre quelle est la relation affective entre l\u2019homme et l\u2019animal et va intervenir pour l\u2019am\u00e9liorer Pour cela il doit bien identifier\u00a0 le [&hellip;]<\/p>\n<a href=\"http:\/\/animalotop.com\/index.php\/comportement\/\"> Lire la suite...<\/a>","protected":false},"author":1,"featured_media":0,"parent":0,"menu_order":0,"comment_status":"closed","ping_status":"closed","template":"","meta":{"footnotes":""},"yoast_head":"<!-- This site is optimized with the Yoast SEO plugin v20.3 - https:\/\/yoast.com\/wordpress\/plugins\/seo\/ -->\n<title>Comportement - Animal O&#039;top<\/title>\n<meta name=\"description\" content=\"Comportementaliste chiens, Comportementaliste chats, expert relation homme animal en essonne et r\u00e9gion parisienne.\" \/>\n<meta name=\"robots\" content=\"index, follow, max-snippet:-1, max-image-preview:large, max-video-preview:-1\" \/>\n<link rel=\"canonical\" href=\"http:\/\/animalotop.com\/index.php\/comportement\/\" \/>\n<meta property=\"og:locale\" content=\"fr_FR\" \/>\n<meta property=\"og:type\" content=\"article\" \/>\n<meta property=\"og:title\" content=\"Comportement - Animal O&#039;top\" \/>\n<meta property=\"og:description\" content=\"Comportementaliste chiens, Comportementaliste chats, expert relation homme animal en essonne et r\u00e9gion parisienne.\" \/>\n<meta property=\"og:url\" content=\"http:\/\/animalotop.com\/index.php\/comportement\/\" \/>\n<meta property=\"og:site_name\" content=\"Animal O&#039;top\" \/>\n<meta property=\"article:modified_time\" content=\"2023-03-27T14:46:42+00:00\" \/>\n<meta property=\"og:image\" content=\"http:\/\/animalotop.com\/wp-content\/uploads\/2017\/11\/kiss-2728106_1920-300x202.jpg\" \/>\n<meta name=\"twitter:card\" content=\"summary_large_image\" \/>\n<meta name=\"twitter:label1\" content=\"Dur\u00e9e de lecture estim\u00e9e\" \/>\n\t<meta name=\"twitter:data1\" content=\"3 minutes\" \/>\n<script type=\"application\/ld+json\" class=\"yoast-schema-graph\">{\"@context\":\"https:\/\/schema.org\",\"@graph\":[{\"@type\":\"WebPage\",\"@id\":\"http:\/\/animalotop.com\/index.php\/comportement\/\",\"url\":\"http:\/\/animalotop.com\/index.php\/comportement\/\",\"name\":\"Comportement - Animal O&#039;top\",\"isPartOf\":{\"@id\":\"http:\/\/animalotop.com\/#website\"},\"datePublished\":\"2017-09-19T20:51:58+00:00\",\"dateModified\":\"2023-03-27T14:46:42+00:00\",\"description\":\"Comportementaliste chiens, Comportementaliste chats, expert relation homme animal en essonne et r\u00e9gion parisienne.\",\"breadcrumb\":{\"@id\":\"http:\/\/animalotop.com\/index.php\/comportement\/#breadcrumb\"},\"inLanguage\":\"fr-FR\",\"potentialAction\":[{\"@type\":\"ReadAction\",\"target\":[\"http:\/\/animalotop.com\/index.php\/comportement\/\"]}]},{\"@type\":\"BreadcrumbList\",\"@id\":\"http:\/\/animalotop.com\/index.php\/comportement\/#breadcrumb\",\"itemListElement\":[{\"@type\":\"ListItem\",\"position\":1,\"name\":\"Accueil\",\"item\":\"http:\/\/animalotop.com\/\"},{\"@type\":\"ListItem\",\"position\":2,\"name\":\"Comportement\"}]},{\"@type\":\"WebSite\",\"@id\":\"http:\/\/animalotop.com\/#website\",\"url\":\"http:\/\/animalotop.com\/\",\"name\":\"Animal O&#039;top\",\"description\":\"Comportementaliste canin et f\u00e9lin, \u00e9ducation canine ,sp\u00e9cialiste du comportement, dipl\u00f4m\u00e9e, \u00e0 votre \u00e9coute pour tout souci de comportement avec votre chien ou votre chat. sommes situ\u00e9s \u00e0 15 kms de Paris, \u00e0 Enghien els bains (val d&#039;oise) (\u00efle de France) se d\u00e9place sur la r\u00e9gion parisienne et l\u2019Oise,\",\"potentialAction\":[{\"@type\":\"SearchAction\",\"target\":{\"@type\":\"EntryPoint\",\"urlTemplate\":\"http:\/\/animalotop.com\/?s={search_term_string}\"},\"query-input\":\"required name=search_term_string\"}],\"inLanguage\":\"fr-FR\"}]}<\/script>\n<!-- \/ Yoast SEO plugin. -->","yoast_head_json":{"title":"Comportement - Animal O&#039;top","description":"Comportementaliste chiens, Comportementaliste chats, expert relation homme animal en essonne et r\u00e9gion parisienne.","robots":{"index":"index","follow":"follow","max-snippet":"max-snippet:-1","max-image-preview":"max-image-preview:large","max-video-preview":"max-video-preview:-1"},"canonical":"http:\/\/animalotop.com\/index.php\/comportement\/","og_locale":"fr_FR","og_type":"article","og_title":"Comportement - Animal O&#039;top","og_description":"Comportementaliste chiens, Comportementaliste chats, expert relation homme animal en essonne et r\u00e9gion parisienne.","og_url":"http:\/\/animalotop.com\/index.php\/comportement\/","og_site_name":"Animal O&#039;top","article_modified_time":"2023-03-27T14:46:42+00:00","og_image":[{"url":"http:\/\/animalotop.com\/wp-content\/uploads\/2017\/11\/kiss-2728106_1920-300x202.jpg"}],"twitter_card":"summary_large_image","twitter_misc":{"Dur\u00e9e de lecture estim\u00e9e":"3 minutes"},"schema":{"@context":"https:\/\/schema.org","@graph":[{"@type":"WebPage","@id":"http:\/\/animalotop.com\/index.php\/comportement\/","url":"http:\/\/animalotop.com\/index.php\/comportement\/","name":"Comportement - Animal O&#039;top","isPartOf":{"@id":"http:\/\/animalotop.com\/#website"},"datePublished":"2017-09-19T20:51:58+00:00","dateModified":"2023-03-27T14:46:42+00:00","description":"Comportementaliste chiens, Comportementaliste chats, expert relation homme animal en essonne et r\u00e9gion parisienne.","breadcrumb":{"@id":"http:\/\/animalotop.com\/index.php\/comportement\/#breadcrumb"},"inLanguage":"fr-FR","potentialAction":[{"@type":"ReadAction","target":["http:\/\/animalotop.com\/index.php\/comportement\/"]}]},{"@type":"BreadcrumbList","@id":"http:\/\/animalotop.com\/index.php\/comportement\/#breadcrumb","itemListElement":[{"@type":"ListItem","position":1,"name":"Accueil","item":"http:\/\/animalotop.com\/"},{"@type":"ListItem","position":2,"name":"Comportement"}]},{"@type":"WebSite","@id":"http:\/\/animalotop.com\/#website","url":"http:\/\/animalotop.com\/","name":"Animal O&#039;top","description":"Comportementaliste canin et f\u00e9lin, \u00e9ducation canine ,sp\u00e9cialiste du comportement, dipl\u00f4m\u00e9e, \u00e0 votre \u00e9coute pour tout souci de comportement avec votre chien ou votre chat. sommes situ\u00e9s \u00e0 15 kms de Paris, \u00e0 Enghien els bains (val d&#039;oise) (\u00efle de France) se d\u00e9place sur la r\u00e9gion parisienne et l\u2019Oise,","potentialAction":[{"@type":"SearchAction","target":{"@type":"EntryPoint","urlTemplate":"http:\/\/animalotop.com\/?s={search_term_string}"},"query-input":"required name=search_term_string"}],"inLanguage":"fr-FR"}]}},"_links":{"self":[{"href":"http:\/\/animalotop.com\/index.php\/wp-json\/wp\/v2\/pages\/65"}],"collection":[{"href":"http:\/\/animalotop.com\/index.php\/wp-json\/wp\/v2\/pages"}],"about":[{"href":"http:\/\/animalotop.com\/index.php\/wp-json\/wp\/v2\/types\/page"}],"author":[{"embeddable":true,"href":"http:\/\/animalotop.com\/index.php\/wp-json\/wp\/v2\/users\/1"}],"replies":[{"embeddable":true,"href":"http:\/\/animalotop.com\/index.php\/wp-json\/wp\/v2\/comments?post=65"}],"version-history":[{"count":9,"href":"http:\/\/animalotop.com\/index.php\/wp-json\/wp\/v2\/pages\/65\/revisions"}],"predecessor-version":[{"id":807,"href":"http:\/\/animalotop.com\/index.php\/wp-json\/wp\/v2\/pages\/65\/revisions\/807"}],"wp:attachment":[{"href":"http:\/\/animalotop.com\/index.php\/wp-json\/wp\/v2\/media?parent=65"}],"curies":[{"name":"wp","href":"https:\/\/api.w.org\/{rel}","templated":true}]}}