{"id":51,"date":"2017-09-19T22:49:07","date_gmt":"2017-09-19T20:49:07","guid":{"rendered":"http:\/\/animalotop.com\/?page_id=51"},"modified":"2025-10-09T20:03:22","modified_gmt":"2025-10-09T18:03:22","slug":"tarifs","status":"publish","type":"page","link":"http:\/\/animalotop.com\/index.php\/tarifs\/","title":{"rendered":"Tarifs"},"content":{"rendered":"<p style=\"text-align: center;\">TARIFS DE CONSULTATION (Chien ou Chat) \/ ZONE D&rsquo;INTERVENTION :<\/p>\n<p><img loading=\"lazy\" decoding=\"async\" class=\"alignleft wp-image-471\" src=\"http:\/\/animalotop.com\/wp-content\/uploads\/2017\/11\/chien-tarifs-300x200.png\" alt=\"\" width=\"375\" height=\"250\" srcset=\"http:\/\/animalotop.com\/wp-content\/uploads\/2017\/11\/chien-tarifs-300x200.png 300w, http:\/\/animalotop.com\/wp-content\/uploads\/2017\/11\/chien-tarifs.png 425w\" sizes=\"(max-width: 375px) 100vw, 375px\" \/><\/p>\n<ul>\n<li style=\"text-align: justify;\">Tarif d\u2019une consultation \u00e0 votre domicile : 120 \u20ac TTC pour une dur\u00e9e variant entre 1h30 et 2h30 maximum<\/li>\n<li>Possibilit\u00e9 d&rsquo;une consultation \u00e0 distance : 85 \u20ac<\/li>\n<li>Le forfait complet incluant la consultation de suivi environ un mois apr\u00e8s le 1er rendez-vous est \u00e0 180 \u20ac TTC et se fera soit \u00e0 votre domicile soit par t\u00e9l\u00e9phone en fonction du cas trait\u00e9.<\/li>\n<\/ul>\n<ul>\n<li style=\"text-align: justify;\">Frais de d\u00e9placement \/ Indemnit\u00e9s kilom\u00e9triques : Gratuit dans un rayon de 25 kms autour d\u2019Etampes\/Milly-la-For\u00eat.\u00a0 Au-del\u00e0, application du tarif du bar\u00e8me kilom\u00e9trique en vigueur.<\/li>\n<\/ul>\n<ul>\n<li style=\"text-align: justify;\">MON INTERVENTION se situe\u00a0 dans tous les d\u00e9partements de la r\u00e9gion parisienne : 77 (Seine et Marne), 78 (Yvelines) , 91 (Essonne), 92 (Hauts-de-Seine), 93 (Seine-Saint-Denis),\u00a0 94 (Val de Marne) et 95 (Val D&rsquo;oise), Loiret (45).<\/li>\n<\/ul>\n<h1>EDUCATION CANINE<\/h1>\n<p>Cours d&rsquo;\u00e9ducation \u00e0 la carte : 50 \u20ac (Dur\u00e9e : environ 1 heure)<\/p>\n<p style=\"text-align: center;\">CHOISISSEZ PARMI NOS 3 FORFAITS<\/p>\n<table id=\"table1\" width=\"auto\">\n<tbody>\n<tr>\n<td id=\"cellule1\" width=\"250px\">Graine de star<\/td>\n<td width=\"auto\"><\/td>\n<td id=\"cellule1\" width=\"250px\">Clever<\/td>\n<td width=\"auto\"><\/td>\n<td id=\"cellule1\" width=\"250px\">Maestro<\/td>\n<\/tr>\n<tr>\n<td id=\"cellule2\" width=\"250px\">450 \u20ac TTC<\/td>\n<td width=\"auto\"><\/td>\n<td id=\"cellule2\" width=\"250px\">790 \u20ac TTC<\/td>\n<td width=\"auto\"><\/td>\n<td id=\"cellule2\" width=\"250px\">1390 \u20ac TTC<\/td>\n<\/tr>\n<tr>\n<td id=\"cellule3\" width=\"250px\">Ce forfait vous donnera les premi\u00e8res bases de l&rsquo;\u00e9ducation canine.<\/td>\n<td width=\"auto\"><\/td>\n<td id=\"cellule3\" width=\"250px\">Ce forfait vous permettra de bien d\u00e9buter et prendre les bonnes habitudes pour \u00e9duquer votre chien.<\/td>\n<td width=\"auto\"><\/td>\n<td id=\"cellule3\" width=\"250px\">Avec ce choix, vous aurez en 6 \u00e0 8 semaines acquis toutes les bases de l&rsquo;\u00e9ducation canine et aurez un chien ob\u00e9issant. Vous serez \u00e0 m\u00eame de parfaire la bonne \u00e9ducation de votre chien.<\/td>\n<\/tr>\n<tr>\n<td id=\"cellule4\" width=\"250px\">* Bilan comportemental<\/td>\n<td width=\"auto\"><\/td>\n<td id=\"cellule4\" width=\"250px\">* Bilan comportemental<\/td>\n<td width=\"auto\"><\/td>\n<td id=\"cellule4\" width=\"250px\">* Bilan comportemental<\/td>\n<\/tr>\n<tr>\n<td id=\"cellule4\" width=\"250px\">* 5 le\u00e7ons individuelles \u00e0 domicile<\/td>\n<td width=\"auto\"><\/td>\n<td id=\"cellule4\" width=\"250px\">* 10 le\u00e7ons individuelles \u00e0 domicile<\/td>\n<td width=\"auto\"><\/td>\n<td id=\"cellule4\" width=\"250px\">* 15 le\u00e7ons individuelles \u00e0 domicile<\/td>\n<\/tr>\n<tr>\n<td id=\"cellule5\" width=\"250px\">* contact t\u00e9l\u00e9phonique illimit\u00e9<\/td>\n<td width=\"auto\"><\/td>\n<td id=\"cellule5\" width=\"250px\">* contact t\u00e9l\u00e9phonique illimit\u00e9<\/td>\n<td width=\"auto\"><\/td>\n<td id=\"cellule5\" width=\"250px\">* contact t\u00e9l\u00e9phonique illimit\u00e9<\/td>\n<\/tr>\n<\/tbody>\n<\/table>\n<h1>COMPORTEMENT ET EDUCATION<\/h1>\n<table id=\"table1\" width=\"auto\">\n<tbody>\n<tr>\n<td id=\"cellule1\" width=\"250px\">Consultation de base<\/td>\n<td width=\"auto\"><\/td>\n<td id=\"cellule1\" width=\"250px\">Consultation avanc\u00e9e<\/td>\n<\/tr>\n<tr>\n<td id=\"cellule2\" width=\"250px\">120 \u20ac TTC<\/td>\n<td width=\"auto\"><\/td>\n<td id=\"cellule2\" width=\"250px\">180 \u20ac TTC<\/td>\n<\/tr>\n<tr>\n<td id=\"cellule4\" width=\"250px\">* incluant compte-rendu par e-mail<\/td>\n<td width=\"auto\"><\/td>\n<td id=\"cellule4\" width=\"250px\">* Bilan comportemental<\/td>\n<\/tr>\n<tr>\n<td id=\"cellule4\" width=\"250px\">* contact t\u00e9l\u00e9phonique durant 30 jours<\/td>\n<td width=\"auto\"><\/td>\n<td id=\"cellule4\" width=\"250px\">* contact t\u00e9l\u00e9phonique 30j<\/td>\n<\/tr>\n<tr>\n<td id=\"cellule5\" width=\"250px\"><\/td>\n<td width=\"auto\"><\/td>\n<td id=\"cellule5\" width=\"250px\">* un rendez-vous de suivi visio<\/td>\n<\/tr>\n<\/tbody>\n<\/table>\n<h1>PROMENADE POUR NOS AMIS LES CHIENS<\/h1>\n<table id=\"table1\" width=\"auto\">\n<tbody>\n<tr>\n<td id=\"cellule1\" width=\"250px\">Promenade de proximit\u00e9<\/td>\n<td width=\"auto\"><\/td>\n<td id=\"cellule1\" width=\"250px\">Forfait 10 promenades<\/td>\n<td width=\"auto\"><\/td>\n<td id=\"cellule1\" width=\"250px\">Forfait 20 promenades<\/td>\n<\/tr>\n<tr>\n<td id=\"cellule2\" width=\"250px\">35 \u20ac TTC<\/td>\n<td width=\"auto\"><\/td>\n<td id=\"cellule2\" width=\"250px\">300 \u20ac TTC<\/td>\n<td width=\"auto\"><\/td>\n<td id=\"cellule2\" width=\"250px\">550 \u20ac TTC<\/td>\n<\/tr>\n<tr>\n<td id=\"cellule4\" width=\"250px\">* Promenade de 30 mn<\/td>\n<td width=\"auto\"><\/td>\n<td id=\"cellule4\" width=\"250px\">* Promenade de 30 mn chacune<\/td>\n<td width=\"auto\"><\/td>\n<td id=\"cellule4\" width=\"250px\">* Promenade de 30 mn chacune<\/td>\n<\/tr>\n<tr>\n<td id=\"cellule5\" width=\"250px\"><\/td>\n<td width=\"auto\"><\/td>\n<td id=\"cellule5\" width=\"250px\"><\/td>\n<td width=\"auto\"><\/td>\n<td id=\"cellule5\" width=\"250px\"><\/td>\n<\/tr>\n<\/tbody>\n<\/table>\n<table id=\"table1\" width=\"auto\">\n<tbody>\n<tr>\n<td id=\"cellule1\" width=\"250px\">Promenade relaxante<\/td>\n<td width=\"auto\"><\/td>\n<td id=\"cellule1\" width=\"250px\">Forfait 10 promenades relaxantes<\/td>\n<\/tr>\n<tr>\n<td id=\"cellule2\" width=\"250px\">30 \u20ac TTC<\/td>\n<td width=\"auto\"><\/td>\n<td id=\"cellule2\" width=\"250px\">400 \u20ac TTC<\/td>\n<\/tr>\n<tr>\n<td id=\"cellule5\" width=\"250px\">* 1 heure en for\u00eat, parc, lac, etc\u2026<\/td>\n<td width=\"auto\"><\/td>\n<td id=\"cellule5\" width=\"250px\">* Promenade de 1 heure chacune<\/td>\n<\/tr>\n<\/tbody>\n<\/table>\n<h1>CAT SITTING<\/h1>\n<p style=\"text-align: justify;\">Ne stressez plus vos chats, qui pr\u00e9f\u00e8rent rester dans leur environnement pendant vos d\u00e9placements ou cong\u00e9s de courte dur\u00e9e.<\/p>\n<p style=\"text-align: justify;\">Offrez leur\u00a0 les services de garde d&rsquo;un professionnel,\u00a0 \u00e9leveur f\u00e9lin et comportementaliste f\u00e9lin qui se rendra \u00e0 votre domicile pour\u00a0 prendre soin de votre\/vos prot\u00e9g\u00e9s.<\/p>\n<table id=\"table1\" width=\"auto\">\n<tbody>\n<tr>\n<td id=\"cellule1\" width=\"250px\">Garde \u00e0 domicile \/cat \/dog sitting<\/td>\n<\/tr>\n<tr>\n<td id=\"cellule2\" width=\"250px\">entre 30 et 60 \u20ac* TTC (selon lieu)<\/td>\n<\/tr>\n<tr>\n<td id=\"cellule3\" width=\"250px\">* ordre de prix<\/td>\n<\/tr>\n<tr>\n<td id=\"cellule4\" width=\"250px\">en fonction de votre lieu d&rsquo;habitation, nous consulter pour d\u00e9tails \/ forfait d\u00e9taill\u00e9<\/td>\n<\/tr>\n<tr>\n<td id=\"cellule4\" width=\"250px\">Passage \u00e0 domicile<\/td>\n<\/tr>\n<tr>\n<td id=\"cellule5\" width=\"250px\">pour une intervention d&rsquo;env. 30\u00a0 mn \u00e0 45 mn<\/td>\n<\/tr>\n<\/tbody>\n<\/table>\n<p style=\"text-align: justify;\">\n","protected":false},"excerpt":{"rendered":"<p>TARIFS DE CONSULTATION (Chien ou Chat) \/ ZONE D&rsquo;INTERVENTION : Tarif d\u2019une consultation \u00e0 votre domicile : 120 \u20ac TTC pour une dur\u00e9e variant entre 1h30 et 2h30 maximum Possibilit\u00e9 d&rsquo;une consultation \u00e0 distance : 85 \u20ac Le forfait complet incluant la consultation de suivi environ un mois apr\u00e8s le 1er rendez-vous est \u00e0 180 [&hellip;]<\/p>\n<a href=\"http:\/\/animalotop.com\/index.php\/tarifs\/\"> Lire la suite...<\/a>","protected":false},"author":1,"featured_media":0,"parent":0,"menu_order":0,"comment_status":"closed","ping_status":"closed","template":"","meta":{"footnotes":""},"yoast_head":"<!-- This site is optimized with the Yoast SEO plugin v20.3 - https:\/\/yoast.com\/wordpress\/plugins\/seo\/ -->\n<title>Tarifs - Animal O&#039;top<\/title>\n<meta name=\"description\" content=\"comportementaliste canin, comportementaliste f\u00e9lin, \u00e9ducateur canin, sp\u00e9cialiste relation homme animal en essonne, r\u00e9gion parisienne, paris\" \/>\n<meta name=\"robots\" content=\"index, follow, max-snippet:-1, max-image-preview:large, max-video-preview:-1\" \/>\n<link rel=\"canonical\" href=\"http:\/\/animalotop.com\/index.php\/tarifs\/\" \/>\n<meta property=\"og:locale\" content=\"fr_FR\" \/>\n<meta property=\"og:type\" content=\"article\" \/>\n<meta property=\"og:title\" content=\"Tarifs - Animal O&#039;top\" \/>\n<meta property=\"og:description\" content=\"comportementaliste canin, comportementaliste f\u00e9lin, \u00e9ducateur canin, sp\u00e9cialiste relation homme animal en essonne, r\u00e9gion parisienne, paris\" \/>\n<meta property=\"og:url\" content=\"http:\/\/animalotop.com\/index.php\/tarifs\/\" \/>\n<meta property=\"og:site_name\" content=\"Animal O&#039;top\" \/>\n<meta property=\"article:modified_time\" content=\"2025-10-09T18:03:22+00:00\" \/>\n<meta property=\"og:image\" content=\"http:\/\/animalotop.com\/wp-content\/uploads\/2017\/11\/chien-tarifs-300x200.png\" \/>\n<meta name=\"twitter:card\" content=\"summary_large_image\" \/>\n<meta name=\"twitter:label1\" content=\"Dur\u00e9e de lecture estim\u00e9e\" \/>\n\t<meta name=\"twitter:data1\" content=\"3 minutes\" \/>\n<script type=\"application\/ld+json\" class=\"yoast-schema-graph\">{\"@context\":\"https:\/\/schema.org\",\"@graph\":[{\"@type\":\"WebPage\",\"@id\":\"http:\/\/animalotop.com\/index.php\/tarifs\/\",\"url\":\"http:\/\/animalotop.com\/index.php\/tarifs\/\",\"name\":\"Tarifs - Animal O&#039;top\",\"isPartOf\":{\"@id\":\"http:\/\/animalotop.com\/#website\"},\"datePublished\":\"2017-09-19T20:49:07+00:00\",\"dateModified\":\"2025-10-09T18:03:22+00:00\",\"description\":\"comportementaliste canin, comportementaliste f\u00e9lin, \u00e9ducateur canin, sp\u00e9cialiste relation homme animal en essonne, r\u00e9gion parisienne, paris\",\"breadcrumb\":{\"@id\":\"http:\/\/animalotop.com\/index.php\/tarifs\/#breadcrumb\"},\"inLanguage\":\"fr-FR\",\"potentialAction\":[{\"@type\":\"ReadAction\",\"target\":[\"http:\/\/animalotop.com\/index.php\/tarifs\/\"]}]},{\"@type\":\"BreadcrumbList\",\"@id\":\"http:\/\/animalotop.com\/index.php\/tarifs\/#breadcrumb\",\"itemListElement\":[{\"@type\":\"ListItem\",\"position\":1,\"name\":\"Accueil\",\"item\":\"http:\/\/animalotop.com\/\"},{\"@type\":\"ListItem\",\"position\":2,\"name\":\"Tarifs\"}]},{\"@type\":\"WebSite\",\"@id\":\"http:\/\/animalotop.com\/#website\",\"url\":\"http:\/\/animalotop.com\/\",\"name\":\"Animal O&#039;top\",\"description\":\"Comportementaliste canin et f\u00e9lin, \u00e9ducation canine ,sp\u00e9cialiste du comportement, dipl\u00f4m\u00e9e, \u00e0 votre \u00e9coute pour tout souci de comportement avec votre chien ou votre chat. sommes situ\u00e9s \u00e0 15 kms de Paris, \u00e0 Enghien els bains (val d&#039;oise) (\u00efle de France) se d\u00e9place sur la r\u00e9gion parisienne et l\u2019Oise,\",\"potentialAction\":[{\"@type\":\"SearchAction\",\"target\":{\"@type\":\"EntryPoint\",\"urlTemplate\":\"http:\/\/animalotop.com\/?s={search_term_string}\"},\"query-input\":\"required name=search_term_string\"}],\"inLanguage\":\"fr-FR\"}]}<\/script>\n<!-- \/ Yoast SEO plugin. -->","yoast_head_json":{"title":"Tarifs - Animal O&#039;top","description":"comportementaliste canin, comportementaliste f\u00e9lin, \u00e9ducateur canin, sp\u00e9cialiste relation homme animal en essonne, r\u00e9gion parisienne, paris","robots":{"index":"index","follow":"follow","max-snippet":"max-snippet:-1","max-image-preview":"max-image-preview:large","max-video-preview":"max-video-preview:-1"},"canonical":"http:\/\/animalotop.com\/index.php\/tarifs\/","og_locale":"fr_FR","og_type":"article","og_title":"Tarifs - Animal O&#039;top","og_description":"comportementaliste canin, comportementaliste f\u00e9lin, \u00e9ducateur canin, sp\u00e9cialiste relation homme animal en essonne, r\u00e9gion parisienne, paris","og_url":"http:\/\/animalotop.com\/index.php\/tarifs\/","og_site_name":"Animal O&#039;top","article_modified_time":"2025-10-09T18:03:22+00:00","og_image":[{"url":"http:\/\/animalotop.com\/wp-content\/uploads\/2017\/11\/chien-tarifs-300x200.png"}],"twitter_card":"summary_large_image","twitter_misc":{"Dur\u00e9e de lecture estim\u00e9e":"3 minutes"},"schema":{"@context":"https:\/\/schema.org","@graph":[{"@type":"WebPage","@id":"http:\/\/animalotop.com\/index.php\/tarifs\/","url":"http:\/\/animalotop.com\/index.php\/tarifs\/","name":"Tarifs - Animal O&#039;top","isPartOf":{"@id":"http:\/\/animalotop.com\/#website"},"datePublished":"2017-09-19T20:49:07+00:00","dateModified":"2025-10-09T18:03:22+00:00","description":"comportementaliste canin, comportementaliste f\u00e9lin, \u00e9ducateur canin, sp\u00e9cialiste relation homme animal en essonne, r\u00e9gion parisienne, paris","breadcrumb":{"@id":"http:\/\/animalotop.com\/index.php\/tarifs\/#breadcrumb"},"inLanguage":"fr-FR","potentialAction":[{"@type":"ReadAction","target":["http:\/\/animalotop.com\/index.php\/tarifs\/"]}]},{"@type":"BreadcrumbList","@id":"http:\/\/animalotop.com\/index.php\/tarifs\/#breadcrumb","itemListElement":[{"@type":"ListItem","position":1,"name":"Accueil","item":"http:\/\/animalotop.com\/"},{"@type":"ListItem","position":2,"name":"Tarifs"}]},{"@type":"WebSite","@id":"http:\/\/animalotop.com\/#website","url":"http:\/\/animalotop.com\/","name":"Animal O&#039;top","description":"Comportementaliste canin et f\u00e9lin, \u00e9ducation canine ,sp\u00e9cialiste du comportement, dipl\u00f4m\u00e9e, \u00e0 votre \u00e9coute pour tout souci de comportement avec votre chien ou votre chat. sommes situ\u00e9s \u00e0 15 kms de Paris, \u00e0 Enghien els bains (val d&#039;oise) (\u00efle de France) se d\u00e9place sur la r\u00e9gion parisienne et l\u2019Oise,","potentialAction":[{"@type":"SearchAction","target":{"@type":"EntryPoint","urlTemplate":"http:\/\/animalotop.com\/?s={search_term_string}"},"query-input":"required name=search_term_string"}],"inLanguage":"fr-FR"}]}},"_links":{"self":[{"href":"http:\/\/animalotop.com\/index.php\/wp-json\/wp\/v2\/pages\/51"}],"collection":[{"href":"http:\/\/animalotop.com\/index.php\/wp-json\/wp\/v2\/pages"}],"about":[{"href":"http:\/\/animalotop.com\/index.php\/wp-json\/wp\/v2\/types\/page"}],"author":[{"embeddable":true,"href":"http:\/\/animalotop.com\/index.php\/wp-json\/wp\/v2\/users\/1"}],"replies":[{"embeddable":true,"href":"http:\/\/animalotop.com\/index.php\/wp-json\/wp\/v2\/comments?post=51"}],"version-history":[{"count":100,"href":"http:\/\/animalotop.com\/index.php\/wp-json\/wp\/v2\/pages\/51\/revisions"}],"predecessor-version":[{"id":850,"href":"http:\/\/animalotop.com\/index.php\/wp-json\/wp\/v2\/pages\/51\/revisions\/850"}],"wp:attachment":[{"href":"http:\/\/animalotop.com\/index.php\/wp-json\/wp\/v2\/media?parent=51"}],"curies":[{"name":"wp","href":"https:\/\/api.w.org\/{rel}","templated":true}]}}