{"id":276,"date":"2017-10-29T17:40:07","date_gmt":"2017-10-29T16:40:07","guid":{"rendered":"http:\/\/animalotop.com\/?page_id=276"},"modified":"2023-03-27T17:03:00","modified_gmt":"2023-03-27T15:03:00","slug":"deroulement-de-la-consultation-chien","status":"publish","type":"page","link":"http:\/\/animalotop.com\/index.php\/deroulement-de-la-consultation-chien\/","title":{"rendered":"D\u00e9roulement de la consultation Chien"},"content":{"rendered":"<p><img loading=\"lazy\" decoding=\"async\" class=\"alignnone size-medium wp-image-401\" src=\"http:\/\/animalotop.com\/wp-content\/uploads\/2017\/11\/ob\u00e9issance-chien-3-300x200.png\" alt=\"Animal O'top, education pour chiots, chiens, sp\u00e9cialiste du comportement chien, chien destructeur\" width=\"300\" height=\"200\" srcset=\"http:\/\/animalotop.com\/wp-content\/uploads\/2017\/11\/ob\u00e9issance-chien-3-300x200.png 300w, http:\/\/animalotop.com\/wp-content\/uploads\/2017\/11\/ob\u00e9issance-chien-3.png 448w\" sizes=\"(max-width: 300px) 100vw, 300px\" \/>\u00a0 \u00a0 \u00a0 \u00a0 \u00a0 \u00a0 \u00a0 \u00a0<img loading=\"lazy\" decoding=\"async\" class=\"alignnone size-medium wp-image-399\" src=\"http:\/\/animalotop.com\/wp-content\/uploads\/2017\/11\/mon-chien-detruit-tout-300x199.jpg\" alt=\"Animal O'top, dressage \u00e9ducation chien, sp\u00e9cialiste du comportement chien, chien destructeur, Comportementaliste\" width=\"300\" height=\"199\" srcset=\"http:\/\/animalotop.com\/wp-content\/uploads\/2017\/11\/mon-chien-detruit-tout-300x199.jpg 300w, http:\/\/animalotop.com\/wp-content\/uploads\/2017\/11\/mon-chien-detruit-tout-768x510.jpg 768w, http:\/\/animalotop.com\/wp-content\/uploads\/2017\/11\/mon-chien-detruit-tout-1024x680.jpg 1024w\" sizes=\"(max-width: 300px) 100vw, 300px\" \/><\/p>\n<p>Nous allons d\u2019abord <strong>proc\u00e9der \u00e0 une exploration de votre relation avec votre animal.<\/strong><\/p>\n<p>Notre objectif : vous proposer en fonction de vos attentes des solutions concr\u00e8tes, personnalis\u00e9es et\u00a0 simples \u00e0 mettre en place afin de trouver un \u00e9quilibre et de r\u00e9tablir une relation harmonieuse entre vous et votre chien.<\/p>\n<p><strong>Nous nous rendons \u00e0 votre domicile<\/strong>. Avec l\u2019aide d\u2019un questionnaire qui sera notre base, nous vous poserons un certain nombre de questions sur votre animal et vous.<\/p>\n<p>Nous reprendrons depuis son arriv\u00e9e dans votre vie\u00a0 l&rsquo;histoire de votre compagnon, ses origines, son environnement, ses conditions de d\u00e9veloppement, etc. Chaque d\u00e9tail a son importance pour la suite de l\u2019analyse \u00e0 savoir son cadre de vie, la cellule familiale, la relation et les liens entre les membres de la famille, vos horaires d\u2019absence\/l\u2019organisation d\u2019une journ\u00e9e type, l\u2019environnement, la pr\u00e9sence ou non de cong\u00e9n\u00e8res, etc.. Nous aborderons ensuite les difficult\u00e9s qui vous am\u00e8nent \u00e0 rencontrer un comportementaliste.<\/p>\n<p>L\u2019\u00e9tape du questionnement est essentielle pour une bonne compr\u00e9hension de la difficult\u00e9, c\u2019est la condition d\u2019une bonne analyse future de notre part\u00a0! Si parfois nos questions vous semblent un peu trop personnelles, n\u2019h\u00e9sitez pas \u00e0 nous le dire mais nous travaillons dans le but de r\u00e9soudre le probl\u00e8me, comme un investigateur recherche les indices. Nous devons rassembler le plus de faits pour en tirer les donn\u00e9es n\u00e9cessaires \u00e0 une analyse pertinente.<\/p>\n<p><img loading=\"lazy\" decoding=\"async\" class=\"alignnone size-full wp-image-398\" src=\"http:\/\/animalotop.com\/wp-content\/uploads\/2017\/11\/d\u00e9sob\u00e9issance.png\" alt=\"Animal O'top, \u00e9ducation chiot, education chien, comportementaliste chien\" width=\"293\" height=\"172\" \/>\u00a0 \u00a0 \u00a0 \u00a0 \u00a0 \u00a0 \u00a0 \u00a0 \u00a0 \u00a0 \u00a0 \u00a0 <img loading=\"lazy\" decoding=\"async\" class=\"alignnone size-medium wp-image-403\" src=\"http:\/\/animalotop.com\/wp-content\/uploads\/2017\/11\/chien-violent-300x235.jpg\" alt=\"Animal O'top, comportementaliste canin, solutions pour chien agressif, comportement chien\" width=\"300\" height=\"235\" srcset=\"http:\/\/animalotop.com\/wp-content\/uploads\/2017\/11\/chien-violent-300x235.jpg 300w, http:\/\/animalotop.com\/wp-content\/uploads\/2017\/11\/chien-violent-768x602.jpg 768w, http:\/\/animalotop.com\/wp-content\/uploads\/2017\/11\/chien-violent-1024x802.jpg 1024w, http:\/\/animalotop.com\/wp-content\/uploads\/2017\/11\/chien-violent.jpg 1307w\" sizes=\"(max-width: 300px) 100vw, 300px\" \/><\/p>\n<p>Nous avons aussi besoin de vous questionner sur l\u2019id\u00e9al que vous vous \u00eates faits de votre animal, vos attentes par rapport \u00e0 votre relation avec lui\u00a0? si votre projet a \u00e9t\u00e9 m\u00fbrement r\u00e9fl\u00e9chi, quel constat vous faites \u00e0 ce jour\u00a0? quelle relation vous souhaitez avec lui\u00a0? en r\u00e9sum\u00e9 quelles sont vos attentes\u00a0? Pourquoi vous \u00eates-vous lanc\u00e9 dans cette aventure\u00a0? Qu\u2019est-ce qui vous a pouss\u00e9 \u00e0 cette d\u00e9marche\u00a0? Comment imaginiez-vous la vie avec votre compagnon\u00a0? Quelle relation souhaitez-vous demain avec lui ?\u00a0Quels comportements attendez-vous de lui\u00a0? Comment projetez- vous dans l&rsquo;avenir avec lui ? Ceci nous permettra de jauger l\u2019\u00e9cart \u00e9ventuel entre vos d\u00e9sirs \u00e0 la base et la r\u00e9alit\u00e9.<\/p>\n<p>Nous analyserons ensuite le comportement \u00e0 revoir, ce qui motive ses agissements, quels sont les comportements \u00ab\u00a0normaux\u00a0\u00bb par rapport au r\u00e9pertoire comportement de son esp\u00e8ce\u00a0?\u00a0 Nous vous parlerons des id\u00e9es re\u00e7ues en mati\u00e8re de comportements canins comme la vengeance ou la jalousie qui ne sont en fait que le l\u2019anthropomorphisme (l&rsquo;attribution de caract\u00e9ristiques du comportement ou de la morphologie humaine \u00e0 d&rsquo;autres entit\u00e9s comme des dieux, des animaux, des objets, des ph\u00e9nom\u00e8nes, voire des id\u00e9es).<\/p>\n<p>Selon l\u2019importante du probl\u00e8me soumis, une consultation peut suffire, parfois il faudra envisager un second rendez-vous pour aboutir \u00e0 un changement comportemental de votre animal.\u00a0 Dans les situations plus complexes, nous vous signalerons d\u00e8s le d\u00e9but le nombre de rendez-vous \u00e0 pr\u00e9voir.<\/p>\n<ul>\n<li>Le premier RDV est la consultation g\u00e9n\u00e9rale de base qui se d\u00e9roule donc \u00e0 votre domicile en pr\u00e9sence si possible de tous les membres de la famille afin de croiser tous les \u00e9l\u00e9ments de perception.<\/li>\n<li>Le deuxi\u00e8me RDV est le suivi o\u00f9 nous faisons une mise au point de la situation, les progr\u00e8s effectu\u00e9s, les difficult\u00e9s rencontr\u00e9es et des propositions de r\u00e9ajustement si n\u00e9cessaire.<\/li>\n<\/ul>\n<p><img loading=\"lazy\" decoding=\"async\" class=\"wp-image-410 aligncenter\" src=\"http:\/\/animalotop.com\/wp-content\/uploads\/2017\/11\/chien-gratte-300x164.jpg\" alt=\"Animal O'top, \u00e9ducateur, comportementaliste canin, chien destructeur , sp\u00e9cialiste du chien\" width=\"640\" height=\"350\" srcset=\"http:\/\/animalotop.com\/wp-content\/uploads\/2017\/11\/chien-gratte-300x164.jpg 300w, http:\/\/animalotop.com\/wp-content\/uploads\/2017\/11\/chien-gratte.jpg 303w\" sizes=\"(max-width: 640px) 100vw, 640px\" \/><\/p>\n","protected":false},"excerpt":{"rendered":"<p>\u00a0 \u00a0 \u00a0 \u00a0 \u00a0 \u00a0 \u00a0 \u00a0 Nous allons d\u2019abord proc\u00e9der \u00e0 une exploration de votre relation avec votre animal. Notre objectif : vous proposer en fonction de vos attentes des solutions concr\u00e8tes, personnalis\u00e9es et\u00a0 simples \u00e0 mettre en place afin de trouver un \u00e9quilibre et de r\u00e9tablir une relation harmonieuse entre vous et [&hellip;]<\/p>\n<a href=\"http:\/\/animalotop.com\/index.php\/deroulement-de-la-consultation-chien\/\"> Lire la suite...<\/a>","protected":false},"author":1,"featured_media":0,"parent":0,"menu_order":0,"comment_status":"closed","ping_status":"closed","template":"","meta":{"footnotes":""},"yoast_head":"<!-- This site is optimized with the Yoast SEO plugin v20.3 - https:\/\/yoast.com\/wordpress\/plugins\/seo\/ -->\n<title>D\u00e9roulement de la consultation Chien - Animal O&#039;top<\/title>\n<meta name=\"description\" content=\"Sp\u00e9cialiste du Comportement chien, Comportementaliste canin, expert chien, qui se d\u00e9place sur l&#039;essonne et toute la r\u00e9gion parisienne.\" \/>\n<meta name=\"robots\" content=\"index, follow, max-snippet:-1, max-image-preview:large, max-video-preview:-1\" \/>\n<link rel=\"canonical\" href=\"http:\/\/animalotop.com\/index.php\/deroulement-de-la-consultation-chien\/\" \/>\n<meta property=\"og:locale\" content=\"fr_FR\" \/>\n<meta property=\"og:type\" content=\"article\" \/>\n<meta property=\"og:title\" content=\"D\u00e9roulement de la consultation Chien - Animal O&#039;top\" \/>\n<meta property=\"og:description\" content=\"Sp\u00e9cialiste du Comportement chien, Comportementaliste canin, expert chien, qui se d\u00e9place sur l&#039;essonne et toute la r\u00e9gion parisienne.\" \/>\n<meta property=\"og:url\" content=\"http:\/\/animalotop.com\/index.php\/deroulement-de-la-consultation-chien\/\" \/>\n<meta property=\"og:site_name\" content=\"Animal O&#039;top\" \/>\n<meta property=\"article:modified_time\" content=\"2023-03-27T15:03:00+00:00\" \/>\n<meta property=\"og:image\" content=\"http:\/\/animalotop.com\/wp-content\/uploads\/2017\/11\/mon-chien-detruit-tout-300x199.jpg\" \/>\n<meta name=\"twitter:card\" content=\"summary_large_image\" \/>\n<meta name=\"twitter:label1\" content=\"Dur\u00e9e de lecture estim\u00e9e\" \/>\n\t<meta name=\"twitter:data1\" content=\"4 minutes\" \/>\n<script type=\"application\/ld+json\" class=\"yoast-schema-graph\">{\"@context\":\"https:\/\/schema.org\",\"@graph\":[{\"@type\":\"WebPage\",\"@id\":\"http:\/\/animalotop.com\/index.php\/deroulement-de-la-consultation-chien\/\",\"url\":\"http:\/\/animalotop.com\/index.php\/deroulement-de-la-consultation-chien\/\",\"name\":\"D\u00e9roulement de la consultation Chien - Animal O&#039;top\",\"isPartOf\":{\"@id\":\"https:\/\/animalotop.com\/#website\"},\"datePublished\":\"2017-10-29T16:40:07+00:00\",\"dateModified\":\"2023-03-27T15:03:00+00:00\",\"description\":\"Sp\u00e9cialiste du Comportement chien, Comportementaliste canin, expert chien, qui se d\u00e9place sur l'essonne et toute la r\u00e9gion parisienne.\",\"breadcrumb\":{\"@id\":\"http:\/\/animalotop.com\/index.php\/deroulement-de-la-consultation-chien\/#breadcrumb\"},\"inLanguage\":\"fr-FR\",\"potentialAction\":[{\"@type\":\"ReadAction\",\"target\":[\"http:\/\/animalotop.com\/index.php\/deroulement-de-la-consultation-chien\/\"]}]},{\"@type\":\"BreadcrumbList\",\"@id\":\"http:\/\/animalotop.com\/index.php\/deroulement-de-la-consultation-chien\/#breadcrumb\",\"itemListElement\":[{\"@type\":\"ListItem\",\"position\":1,\"name\":\"Accueil\",\"item\":\"https:\/\/animalotop.com\/\"},{\"@type\":\"ListItem\",\"position\":2,\"name\":\"D\u00e9roulement de la consultation Chien\"}]},{\"@type\":\"WebSite\",\"@id\":\"https:\/\/animalotop.com\/#website\",\"url\":\"https:\/\/animalotop.com\/\",\"name\":\"Animal O&#039;top\",\"description\":\"Comportementaliste canin et f\u00e9lin, \u00e9ducation canine ,sp\u00e9cialiste du comportement, dipl\u00f4m\u00e9e, \u00e0 votre \u00e9coute pour tout souci de comportement avec votre chien ou votre chat. sommes situ\u00e9s \u00e0 15 kms de Paris, \u00e0 Enghien els bains (val d&#039;oise) (\u00efle de France) se d\u00e9place sur la r\u00e9gion parisienne et l\u2019Oise,\",\"potentialAction\":[{\"@type\":\"SearchAction\",\"target\":{\"@type\":\"EntryPoint\",\"urlTemplate\":\"https:\/\/animalotop.com\/?s={search_term_string}\"},\"query-input\":\"required name=search_term_string\"}],\"inLanguage\":\"fr-FR\"}]}<\/script>\n<!-- \/ Yoast SEO plugin. -->","yoast_head_json":{"title":"D\u00e9roulement de la consultation Chien - Animal O&#039;top","description":"Sp\u00e9cialiste du Comportement chien, Comportementaliste canin, expert chien, qui se d\u00e9place sur l'essonne et toute la r\u00e9gion parisienne.","robots":{"index":"index","follow":"follow","max-snippet":"max-snippet:-1","max-image-preview":"max-image-preview:large","max-video-preview":"max-video-preview:-1"},"canonical":"http:\/\/animalotop.com\/index.php\/deroulement-de-la-consultation-chien\/","og_locale":"fr_FR","og_type":"article","og_title":"D\u00e9roulement de la consultation Chien - Animal O&#039;top","og_description":"Sp\u00e9cialiste du Comportement chien, Comportementaliste canin, expert chien, qui se d\u00e9place sur l'essonne et toute la r\u00e9gion parisienne.","og_url":"http:\/\/animalotop.com\/index.php\/deroulement-de-la-consultation-chien\/","og_site_name":"Animal O&#039;top","article_modified_time":"2023-03-27T15:03:00+00:00","og_image":[{"url":"http:\/\/animalotop.com\/wp-content\/uploads\/2017\/11\/mon-chien-detruit-tout-300x199.jpg"}],"twitter_card":"summary_large_image","twitter_misc":{"Dur\u00e9e de lecture estim\u00e9e":"4 minutes"},"schema":{"@context":"https:\/\/schema.org","@graph":[{"@type":"WebPage","@id":"http:\/\/animalotop.com\/index.php\/deroulement-de-la-consultation-chien\/","url":"http:\/\/animalotop.com\/index.php\/deroulement-de-la-consultation-chien\/","name":"D\u00e9roulement de la consultation Chien - Animal O&#039;top","isPartOf":{"@id":"https:\/\/animalotop.com\/#website"},"datePublished":"2017-10-29T16:40:07+00:00","dateModified":"2023-03-27T15:03:00+00:00","description":"Sp\u00e9cialiste du Comportement chien, Comportementaliste canin, expert chien, qui se d\u00e9place sur l'essonne et toute la r\u00e9gion parisienne.","breadcrumb":{"@id":"http:\/\/animalotop.com\/index.php\/deroulement-de-la-consultation-chien\/#breadcrumb"},"inLanguage":"fr-FR","potentialAction":[{"@type":"ReadAction","target":["http:\/\/animalotop.com\/index.php\/deroulement-de-la-consultation-chien\/"]}]},{"@type":"BreadcrumbList","@id":"http:\/\/animalotop.com\/index.php\/deroulement-de-la-consultation-chien\/#breadcrumb","itemListElement":[{"@type":"ListItem","position":1,"name":"Accueil","item":"https:\/\/animalotop.com\/"},{"@type":"ListItem","position":2,"name":"D\u00e9roulement de la consultation Chien"}]},{"@type":"WebSite","@id":"https:\/\/animalotop.com\/#website","url":"https:\/\/animalotop.com\/","name":"Animal O&#039;top","description":"Comportementaliste canin et f\u00e9lin, \u00e9ducation canine ,sp\u00e9cialiste du comportement, dipl\u00f4m\u00e9e, \u00e0 votre \u00e9coute pour tout souci de comportement avec votre chien ou votre chat. sommes situ\u00e9s \u00e0 15 kms de Paris, \u00e0 Enghien els bains (val d&#039;oise) (\u00efle de France) se d\u00e9place sur la r\u00e9gion parisienne et l\u2019Oise,","potentialAction":[{"@type":"SearchAction","target":{"@type":"EntryPoint","urlTemplate":"https:\/\/animalotop.com\/?s={search_term_string}"},"query-input":"required name=search_term_string"}],"inLanguage":"fr-FR"}]}},"_links":{"self":[{"href":"http:\/\/animalotop.com\/index.php\/wp-json\/wp\/v2\/pages\/276"}],"collection":[{"href":"http:\/\/animalotop.com\/index.php\/wp-json\/wp\/v2\/pages"}],"about":[{"href":"http:\/\/animalotop.com\/index.php\/wp-json\/wp\/v2\/types\/page"}],"author":[{"embeddable":true,"href":"http:\/\/animalotop.com\/index.php\/wp-json\/wp\/v2\/users\/1"}],"replies":[{"embeddable":true,"href":"http:\/\/animalotop.com\/index.php\/wp-json\/wp\/v2\/comments?post=276"}],"version-history":[{"count":9,"href":"http:\/\/animalotop.com\/index.php\/wp-json\/wp\/v2\/pages\/276\/revisions"}],"predecessor-version":[{"id":824,"href":"http:\/\/animalotop.com\/index.php\/wp-json\/wp\/v2\/pages\/276\/revisions\/824"}],"wp:attachment":[{"href":"http:\/\/animalotop.com\/index.php\/wp-json\/wp\/v2\/media?parent=276"}],"curies":[{"name":"wp","href":"https:\/\/api.w.org\/{rel}","templated":true}]}}